{"id":1055,"date":"2019-03-14T10:07:51","date_gmt":"2019-03-14T10:07:51","guid":{"rendered":"https:\/\/probit-ks.com\/about-us-01\/"},"modified":"2021-03-22T13:51:44","modified_gmt":"2021-03-22T13:51:44","slug":"about-us-01","status":"publish","type":"page","link":"https:\/\/probit-ks.com\/sq\/about-us-01\/","title":{"rendered":"About us 01"},"content":{"rendered":"<div id=\"tm-row-69e38017f39f1\" data-vc-full-width=\"true\" data-vc-full-width-init=\"false\" class=\"vc_row vc_row-outer vc_row-fluid\"><div id=\"tm-column-69e38018005f4\" class=\"wpb_column vc_column_container vc_col-sm-12\"><div class=\"vc_column-inner\"><div class=\"wpb_wrapper\"><div class=\"tm-spacer\" id=\"tm-spacer-69e38018008f3\"><\/div>\n\n<div class=\"tm-heading  center tm-animation move-up\" id=\"tm-heading-69e3801800c5e\">\n\t<h4 class=\"heading\" style=\"\">Rreth Probit<\/h4><\/div>\n\n<div class=\"tm-spacer\" id=\"tm-spacer-69e380180108b\"><\/div>\n\n<div class=\"tm-heading  center tm-animation move-up\" id=\"tm-heading-69e38018011e0\">\n\t<div class=\"heading\" style=\"\">Fokusi yn\u00eb kryesor \u00ebsht\u00eb ofrimi i sh\u00ebrbimeve dhe produkteve cil\u00ebsore n\u00eb fush\u00ebn e IT.<\/div><\/div>\n\n<div class=\"tm-spacer\" id=\"tm-spacer-69e38018015c5\"><\/div>\n<\/div><\/div><\/div><\/div><div class=\"vc_row-full-width vc_clearfix\"><\/div><div id=\"tm-row-69e3801801759\" class=\"vc_row vc_row-outer vc_row-fluid\"><div id=\"tm-column-69e3801801a7e\" class=\"wpb_column vc_column_container vc_col-sm-12\"><div class=\"vc_column-inner\"><div class=\"wpb_wrapper\"><div class=\"tm-spacer\" id=\"tm-spacer-69e3801801cd4\"><\/div>\n\n<div class=\"tm-heading modern center tm-animation move-up\" id=\"tm-heading-69e3801801e23\">\n\t<h6 class=\"heading\" style=\"\">Kompania Jone<\/h6><\/div>\n\n<div class=\"tm-spacer\" id=\"tm-spacer-69e3801802218\"><\/div>\n\n<div class=\"tm-heading  center tm-animation move-up\" id=\"tm-heading-69e3801802398\">\n\t<h3 class=\"heading\" style=\"\">Ne p\u00ebrdorim t\u00eb gjitha llojet e sh\u00ebrbimeve t\u00eb IT q\u00eb tregojn\u00eb <mark>suksesin tuaj<\/mark><\/h3><\/div>\n\n<div class=\"tm-spacer\" id=\"tm-spacer-69e3801802787\"><\/div>\n<div id=\"tm-row-inner-69e3801802bb5\" class=\"vc_row vc_inner vc_row-fluid\"><div id=\"tm-column-inner-69e3801803088\" class=\"wpb_column vc_column_container vc_col-sm-1\/5 vc_col-lg-3 vc_col-md-offset-1 vc_col-md-4\"><div class=\"vc_column-inner\"><div class=\"wpb_wrapper\">\n<div class=\"tm-heading modern-number-01 left tm-animation move-up\" id=\"tm-heading-69e3801803329\">\n\t<h3 class=\"heading\" style=\"\"><mark>13<\/mark>Years&#8217; Experience in IT<\/h3><\/div>\n\n<div class=\"tm-spacer\" id=\"tm-spacer-69e38018036f8\"><\/div>\n\n<div class=\"tm-heading  left tm-animation move-up\" id=\"tm-heading-69e3801803847\">\n\t<h4 class=\"heading\" style=\"\">More About Our Success Stories<\/h4><\/div>\n\n<div class=\"tm-spacer\" id=\"tm-spacer-69e3801803c46\"><\/div>\n<\/div><\/div><\/div><div id=\"tm-column-inner-69e3801803d7a\" class=\"wpb_column vc_column_container vc_col-sm-3\/5 vc_col-lg-7 vc_col-md-offset-1 vc_col-md-5\"><div class=\"vc_column-inner\"><div class=\"wpb_wrapper\">\n<div class=\"tm-heading  left tm-animation move-up\" id=\"tm-heading-69e38018040af\">\n\t<div class=\"heading\" style=\"\">PROBIT \u00ebsht\u00eb nj\u00eb kompani e themeluar n\u00eb vitin 2008 n\u00eb Prishtin\u00eb, me fokus n\u00eb ofrimin e sh\u00ebrbimeve cil\u00ebsore n\u00eb Teknologjin\u00eb Informative.<\/p>\n<p>P\u00ebrqendrimi kryesor i PROBIT \u00ebsht\u00eb zhvillimi i aplikacioneve t\u00eb bazuara n\u00eb Ueb, Windows duke p\u00ebrdor\u00eb teknologjit\u00eb m\u00eb t\u00eb reja, si dhe zhvillimi i aplikacioneve t\u00eb ndryshme sipas k\u00ebrkes\u00ebs s\u00eb klient\u00ebve tan\u00eb. Kjo p\u00ebrfshin\u00eb aplikacionet\/sistemet si: zhvillimi dhe administrimi i bazave komplekse t\u00eb sh\u00ebnimeve, zhvillimi i aplikacioneve standalone dhe distributed, zhvillimi i ueb aplikacioneve, aplikacioneve p\u00ebr platforma mobile dhe sh\u00ebrbime t\u00eb ndryshme t\u00eb mir\u00ebmbajtjes\/p\u00ebrkrahjes. Po ashtu, PROBIT ofron edhe sh\u00ebrbime t\u00eb k\u00ebshillimeve n\u00eb lami t\u00eb ndryshme t\u00eb teknologjis\u00eb informative.<\/p>\n<p>Stafi i PROBIT p\u00ebrb\u00ebhet nga persona te kualifikuar dhe me p\u00ebrvoj\u00eb t\u00eb zgjeruar n\u00eb fush\u00ebn e TI dhe menaxhimit. Ekipi yn\u00eb ka nj\u00eb aft\u00ebsi n\u00eb t\u00eb kuptuarit e \u00e7do k\u00ebrkese biznesi me t\u00eb cilin bashk\u00ebpunojm\u00eb. Duke kuptuar nevojat e biznesit tuaj ofrojm\u00eb zgjidhje efikase, t\u00eb p\u00ebrshtatura p\u00ebr nevojat specifike tuaja.<\/p>\n<p>Zhvillimi i softuerit n\u00eb PROBIT \u00ebsht\u00eb nj\u00eb proces q\u00eb ka nj\u00eb v\u00ebmendje t\u00eb ve\u00e7ant\u00eb. N\u00eb PROBIT ne zhvillojm\u00eb sipas standardeve dhe metodologjive m\u00eb profesionale, p\u00ebrfshir\u00eb k\u00ebtu Programimin e Orientuar n\u00eb Objekte, Modelet e Dizajnit dhe metodologjin\u00eb m\u00eb t\u00eb njohur p\u00ebr zhvillimin e softuerit - Metodologjia e Shkath\u00ebt. Me p\u00ebrjashtim t\u00eb funksionalitetit t\u00eb softuerit, ne gjithashtu fokusohemi n\u00eb t\u00eb gjitha parimet e p\u00ebrdorshm\u00ebris\u00eb, besueshm\u00ebris\u00eb dhe aksesit. Ekipi yn\u00eb ofron profesionaliz\u00ebm n\u00eb secilin aspekt t\u00eb nevojave tuaja. Ne ofrojm\u00eb konsulenc\u00eb, zhvillim, instalim dhe mir\u00ebmbajtje dhe mb\u00ebshtetje afatgjat\u00eb.<\/p>\n<p>Ne jemi t\u00eb p\u00ebrkushtuar t\u2019u ofrojm\u00eb klient\u00ebve tan\u00eb zgjidhjen m\u00eb t\u00eb mir\u00eb t\u00eb mundshme me \u00e7mime t\u00eb p\u00ebrballueshme. Q\u00ebllimi yn\u00eb \u00ebsht\u00eb tejkalimi i pritjeve t\u00eb secilit klient duke ofruar sh\u00ebrbime cil\u00ebsore, fleksibile dhe me vler\u00eb t\u00eb shtuar, k\u00ebshtu duke optimizuar funksionalitetet dhe p\u00ebrmir\u00ebsuar efektivitetin biznesit tuaj.<\/div><\/div>\n\n<div class=\"tm-spacer\" id=\"tm-spacer-69e380180447d\"><\/div>\n<div class=\"tm-button-wrapper tm-animation move-up\" id=\"tm-button-69e380180476e\">\n\t\t<a class=\"tm-button style-text tm-button-nm tm-button-custom has-icon icon-right\" href=\"#\"\n\t\t\t>\n\n\t\t\n\t\t\t\t\t\t<span class=\"button-text\" data-text=\"Discover now\">\n\t\t\t\tMe shume\t\t\t<\/span>\n\t\t\t\t\t\t\t<span class=\"button-icon\">\n\t\t\t\t<i class=\"far fa-long-arrow-right\"><\/i>\n\t\t\t<\/span>\n\t\t\t\n\t\t\n\n\t<\/a>\n<\/div>\n<\/div><\/div><\/div><\/div><\/div><\/div><\/div><\/div><div id=\"tm-row-69e3801804f5f\" class=\"vc_row vc_row-outer vc_row-fluid\"><div id=\"tm-column-69e3801805233\" class=\"wpb_column vc_column_container vc_col-sm-12\"><div class=\"vc_column-inner\"><div class=\"wpb_wrapper\"><div class=\"tm-spacer\" id=\"tm-spacer-69e380180544b\"><\/div>\n\n<div class=\"tm-heading  center tm-animation move-up\" id=\"tm-heading-69e38018055ab\">\n\t<h4 class=\"heading\" style=\"\">Ne shk\u00eblqejm\u00eb n\u00eb ofrimin e zgjidhjeve optimale.<\/h4><\/div>\n\n<div class=\"tm-spacer\" id=\"tm-spacer-69e38018059a1\"><\/div>\n\n\n\t<div class=\"tm-list style-check-02 list-vertical tm-animation move-up\" id=\"tm-list-69e3801805c2e\">\n\t\t\t\t\t<div class=\"list-item\">\n\n\t\t\t\t\n\t\t\t\t\t<div class=\"list-header\">\n\t\t\t\t\t\t<div class=\"marker\">\n\n\t\t\t\t\t\t\t\n\t\t\t\t\t\t<\/div>\n\n\t\t\t\t\t\t<div class=\"title-wrap\">\n\t\t\t\t\t\t\t\t\t\t\t\t\t\t\t<h6 class=\"title\">\n\t\t\t\t\t\t\t\t\tDIZAJN &amp; ZHVILLIM I WEB-IT\t\t\t\t\t\t\t\t<\/h6>\n\t\t\t\t\t\t\t\n\t\t\t\t\t\t\t\t\t\t\t\t\t\t\t\t\t\t\t\t\t\t\t\t<div class=\"desc\">\n\t\t\t\t\t\t\t\t\t\tZhvillimin e Web Aplikacioneve me PHP &amp; MySQL, ASP.NET &amp; SQL Server me teknikat m\u00eb t\u00eb reja.\t\t\t\t\t\t\t\t\t<\/div>\n\t\t\t\t\t\t\t\t\t\t\t\t\t\t\t\t\t\t\t\t\t<\/div>\n\t\t\t\t\t<\/div>\n\n\t\t\t\t\t\n\t\t\t\t\t\n\t\t\t<\/div>\n\t\t\t\t\t<div class=\"list-item\">\n\n\t\t\t\t\n\t\t\t\t\t<div class=\"list-header\">\n\t\t\t\t\t\t<div class=\"marker\">\n\n\t\t\t\t\t\t\t\n\t\t\t\t\t\t<\/div>\n\n\t\t\t\t\t\t<div class=\"title-wrap\">\n\t\t\t\t\t\t\t\t\t\t\t\t\t\t\t<h6 class=\"title\">\n\t\t\t\t\t\t\t\t\t ZHVILLIMI I DESKTOP APLIKACIONEVE\t\t\t\t\t\t\t\t<\/h6>\n\t\t\t\t\t\t\t\n\t\t\t\t\t\t\t\t\t\t\t\t\t\t\t\t\t\t\t\t\t\t\t\t<div class=\"desc\">\n\t\t\t\t\t\t\t\t\t\tZhvillimi i Aplikacioneve Desktop me Java &amp; MySQL, C # &amp; SQL Server me teknikat m\u00eb t\u00eb fundit.\t\t\t\t\t\t\t\t\t<\/div>\n\t\t\t\t\t\t\t\t\t\t\t\t\t\t\t\t\t\t\t\t\t<\/div>\n\t\t\t\t\t<\/div>\n\n\t\t\t\t\t\n\t\t\t\t\t\n\t\t\t<\/div>\n\t\t\t\t\t<div class=\"list-item\">\n\n\t\t\t\t\n\t\t\t\t\t<div class=\"list-header\">\n\t\t\t\t\t\t<div class=\"marker\">\n\n\t\t\t\t\t\t\t\n\t\t\t\t\t\t<\/div>\n\n\t\t\t\t\t\t<div class=\"title-wrap\">\n\t\t\t\t\t\t\t\t\t\t\t\t\t\t\t<h6 class=\"title\">\n\t\t\t\t\t\t\t\t\tSistemi i Kontrollit t\u00eb Cil\u00ebsis\u00eb\t\t\t\t\t\t\t\t<\/h6>\n\t\t\t\t\t\t\t\n\t\t\t\t\t\t\t\t\t\t\t\t\t\t\t\t\t\t\t\t\t\t\t\t<div class=\"desc\">\n\t\t\t\t\t\t\t\t\t\tEsht\u00eb m\u00eb shum\u00eb sesa nj\u00eb p\u00ebrgjegj\u00ebsi por nj\u00eb garanci nga ne p\u00ebr t\u00eb fituar besimin e klientit me nj\u00eb sistem shum\u00eb t\u00eb besuesh\u00ebm t\u00eb kontrollit t\u00eb cil\u00ebsis\u00eb.\t\t\t\t\t\t\t\t\t<\/div>\n\t\t\t\t\t\t\t\t\t\t\t\t\t\t\t\t\t\t\t\t\t<\/div>\n\t\t\t\t\t<\/div>\n\n\t\t\t\t\t\n\t\t\t\t\t\n\t\t\t<\/div>\n\t\t\t\t\t<div class=\"list-item\">\n\n\t\t\t\t\n\t\t\t\t\t<div class=\"list-header\">\n\t\t\t\t\t\t<div class=\"marker\">\n\n\t\t\t\t\t\t\t\n\t\t\t\t\t\t<\/div>\n\n\t\t\t\t\t\t<div class=\"title-wrap\">\n\t\t\t\t\t\t\t\t\t\t\t\t\t\t\t<h6 class=\"title\">\n\t\t\t\t\t\t\t\t\tInfrastructure Integration Technology\t\t\t\t\t\t\t\t<\/h6>\n\t\t\t\t\t\t\t\n\t\t\t\t\t\t\t\t\t\t\t\t\t\t\t\t\t\t\t\t\t\t\t\t<div class=\"desc\">\n\t\t\t\t\t\t\t\t\t\tN\u00eb Probit, ne kemi nj\u00eb qasje holistike dhe t\u00eb integruar drejt modernizimit thelb\u00ebsor p\u00ebr t\u00eb p\u00ebrjetuar evolucionin teknologjik.\t\t\t\t\t\t\t\t\t<\/div>\n\t\t\t\t\t\t\t\t\t\t\t\t\t\t\t\t\t\t\t\t\t<\/div>\n\t\t\t\t\t<\/div>\n\n\t\t\t\t\t\n\t\t\t\t\t\n\t\t\t<\/div>\n\t\t\t\t\t<div class=\"list-item\">\n\n\t\t\t\t\n\t\t\t\t\t<div class=\"list-header\">\n\t\t\t\t\t\t<div class=\"marker\">\n\n\t\t\t\t\t\t\t\n\t\t\t\t\t\t<\/div>\n\n\t\t\t\t\t\t<div class=\"title-wrap\">\n\t\t\t\t\t\t\t\t\t\t\t\t\t\t\t<h6 class=\"title\">\n\t\t\t\t\t\t\t\t\tStaf shum\u00eb profesional\t\t\t\t\t\t\t\t<\/h6>\n\t\t\t\t\t\t\t\n\t\t\t\t\t\t\t\t\t\t\t\t\t\t\t\t\t\t\t\t\t\t\t\t<div class=\"desc\">\n\t\t\t\t\t\t\t\t\t\tDuke marr\u00eb trajnimin zyrtar dhe zyrtar n\u00eb teknologjin\u00eb e IT dhe fushat teknike, stafet tona din\u00eb m\u00eb shum\u00eb se ato q\u00eb tregojn\u00eb.\t\t\t\t\t\t\t\t\t<\/div>\n\t\t\t\t\t\t\t\t\t\t\t\t\t\t\t\t\t\t\t\t\t<\/div>\n\t\t\t\t\t<\/div>\n\n\t\t\t\t\t\n\t\t\t\t\t\n\t\t\t<\/div>\n\t\t\t\t\t<div class=\"list-item\">\n\n\t\t\t\t\n\t\t\t\t\t<div class=\"list-header\">\n\t\t\t\t\t\t<div class=\"marker\">\n\n\t\t\t\t\t\t\t\n\t\t\t\t\t\t<\/div>\n\n\t\t\t\t\t\t<div class=\"title-wrap\">\n\t\t\t\t\t\t\t\t\t\t\t\t\t\t\t<h6 class=\"title\">\n\t\t\t\t\t\t\t\t\tMenaxhimi i Siguris\u00eb s\u00eb Informacionit\t\t\t\t\t\t\t\t<\/h6>\n\t\t\t\t\t\t\t\n\t\t\t\t\t\t\t\t\t\t\t\t\t\t\t\t\t\t\t\t\t\t\t\t<div class=\"desc\">\n\t\t\t\t\t\t\t\t\t\tSiguria e informacionit ka qen\u00eb nj\u00eb \u00e7\u00ebshtje n\u00eb rritje koh\u00ebt e fundit p\u00ebr shkak t\u00eb nj\u00eb serie skandalesh nga kompani t\u00eb m\u00ebdha, sigurohuni, ne jemi k\u00ebtu.\t\t\t\t\t\t\t\t\t<\/div>\n\t\t\t\t\t\t\t\t\t\t\t\t\t\t\t\t\t\t\t\t\t<\/div>\n\t\t\t\t\t<\/div>\n\n\t\t\t\t\t\n\t\t\t\t\t\n\t\t\t<\/div>\n\t\t\t<\/div>\n\n\t<div class=\"tm-spacer\" id=\"tm-spacer-69e38018061ef\"><\/div>\n<\/div><\/div><\/div><\/div>","protected":false},"excerpt":{"rendered":"About Probit Our main focus is delivering qualitative services and products in the field of IT. Our company We run all kinds of IT services that vow your success 13Years' Experience in IT More About Our Success Stories PROBIT is established in year 2008 with main focus on delivering qualitative services and products in the field of IT. We specialize in helping our clients to connect with their customers, sell their ideas, products and services. We use a flexible and consultative approach to achieve the best possible level of client satisfaction, and crucially, deliver results. PROBIT has an excellent and experienced resource team of developers, designers and business professionals. The main focus of PROBIT is development of Web based applications and custom applications, with the latest technology and methodologies.Our services include applications\/systems like: development of complex database systems, Development of Standalone and Distributed applications, Web application development, mobile applications development and maintenance services. Also we offer our experts as consultants in different areas of Information Technology. Our staff is consisted with qualified people in Computer Sciences and Management, with wide knowledge in different IT fields and more than 7 years experience in this field. Our team has a good ability to understand business needs and deliver a functional and efficient solution. Software development in PROBIT is a process that has a special attention. In PROBIT we develop by most professional standards and methodologies, including here Object Oriented Programming, Design Patterns and the most known methodology for software development \u2013 Agile Methodology. Except the software functionality, we also focus in one all of the principles of Usability, reliability and accessibility. Our team offers professionalism in each aspect of your needs. We offer consultancy, development, installation and long-term maintenance and support. We are committed to offer our customers the best solutions possible with affordable prices, and we are satisfied only when our customer is satisfied. Our goal is to exceed the expectations of every client by offering outstanding customer service, increased flexibility, and greater value, thus optimizing system functionality and improving operation efficiency. Discover now We excel in delivering optimal solutions. WEB DESIGN &amp; DEVELOPMENT Web Application Development with PHP &amp; MySQL, ASP.NET &amp; SQL Server with the latest techniques. DESKTOP APPLICATIONS DEVELOPMENT Development of Desktop Applications with Java &amp; MySQL, C # &amp; SQL Server with the latest techniques. Quality Control System It&#039;s more than a responsibility but a guarantee from us to gain customer trust with highly reliable quality control system. Infrastructure Integration Technology At Probit, we have a holistic and integrated approach towards core modernization to experience technological evolution. Highly Professional Staffs Having obtained the official &amp; formal training in IT technology and technical fields, our staffs know more than what they show. Information Security Management Information security has been a rising issue lately due to a series of scandals from big companies, rest assured, we&#039;re here.","protected":false},"author":1,"featured_media":0,"parent":0,"menu_order":0,"comment_status":"closed","ping_status":"closed","template":"","meta":{"footnotes":""},"class_list":["post-1055","page","type-page","status-publish","hentry","post-no-thumbnail"],"_links":{"self":[{"href":"https:\/\/probit-ks.com\/sq\/wp-json\/wp\/v2\/pages\/1055","targetHints":{"allow":["GET"]}}],"collection":[{"href":"https:\/\/probit-ks.com\/sq\/wp-json\/wp\/v2\/pages"}],"about":[{"href":"https:\/\/probit-ks.com\/sq\/wp-json\/wp\/v2\/types\/page"}],"author":[{"embeddable":true,"href":"https:\/\/probit-ks.com\/sq\/wp-json\/wp\/v2\/users\/1"}],"replies":[{"embeddable":true,"href":"https:\/\/probit-ks.com\/sq\/wp-json\/wp\/v2\/comments?post=1055"}],"version-history":[{"count":17,"href":"https:\/\/probit-ks.com\/sq\/wp-json\/wp\/v2\/pages\/1055\/revisions"}],"predecessor-version":[{"id":2331,"href":"https:\/\/probit-ks.com\/sq\/wp-json\/wp\/v2\/pages\/1055\/revisions\/2331"}],"wp:attachment":[{"href":"https:\/\/probit-ks.com\/sq\/wp-json\/wp\/v2\/media?parent=1055"}],"curies":[{"name":"wp","href":"https:\/\/api.w.org\/{rel}","templated":true}]}}