{"id":2322,"date":"2021-03-22T13:33:49","date_gmt":"2021-03-22T13:33:49","guid":{"rendered":"https:\/\/probit-ks.com\/?page_id=2322"},"modified":"2021-03-29T14:27:20","modified_gmt":"2021-03-29T14:27:20","slug":"our-works","status":"publish","type":"page","link":"https:\/\/probit-ks.com\/sq\/our-works\/","title":{"rendered":"PUN\u00cbT TONA"},"content":{"rendered":"<div id=\"tm-row-69e383c002239\" class=\"vc_row vc_row-outer vc_row-fluid\"><div id=\"tm-column-69e383c002cb3\" class=\"wpb_column vc_column_container vc_col-sm-12\"><div class=\"vc_column-inner\"><div class=\"wpb_wrapper\">\n<div class=\"tm-heading  center tm-animation move-up\" id=\"tm-heading-69e383c003221\">\n\t<h3 class=\"heading\" style=\"\">PUN\u00cbT TONA<\/h3><\/div>\n\n\n\t<div class=\"wpb_text_column wpb_content_element  vc_custom_1617028038202 tm-animation move-up\" >\n\t\t<div class=\"wpb_wrapper\">\n\t\t\t<p style=\"text-align: center;\">Disa nga projektet tona t\u00eb realizuara nga ekipi i yn\u00eb<\/p>\n\n\t\t<\/div>\n\t<\/div>\n<div class=\"tm-spacer\" id=\"tm-spacer-69e383c003dbb\"><\/div>\n<\/div><\/div><\/div><\/div><div id=\"tm-row-69e383c003f5e\" class=\"vc_row vc_row-outer vc_row-fluid\"><div id=\"tm-column-69e383c0042aa\" class=\"wpb_column vc_column_container vc_col-sm-12\"><div class=\"vc_column-inner\"><div class=\"wpb_wrapper\">\n<div class=\"vc_grid-container-wrapper vc_clearfix\">\n\t<div class=\"vc_grid-container vc_clearfix wpb_content_element vc_basic_grid\" data-initial-loading-animation=\"fadeIn\" data-vc-grid-settings=\"{&quot;page_id&quot;:2322,&quot;style&quot;:&quot;all&quot;,&quot;action&quot;:&quot;vc_get_vc_grid_data&quot;,&quot;shortcode_id&quot;:&quot;1617027401307-fceb0c1046a56b8dd021e25cc15a0476-10&quot;,&quot;tag&quot;:&quot;vc_basic_grid&quot;}\" data-vc-request=\"https:\/\/probit-ks.com\/wp-admin\/admin-ajax.php\" data-vc-post-id=\"2322\" data-vc-public-nonce=\"821303bd27\">\n\t\t<style data-type=\"vc_shortcodes-custom-css\">.vc_custom_1419329081651{background-color: #2b2b2b !important;}<\/style><div class=\"vc_grid vc_row vc_grid-gutter-35px vc_pageable-wrapper vc_hook_hover\" data-vc-pageable-content=\"true\"><div class=\"vc_pageable-slide-wrapper vc_clearfix\" data-vc-grid-content=\"true\"><div class=\"vc_grid-item vc_clearfix vc_col-sm-4\"><div class=\"vc_grid-item-mini vc_clearfix\"><div class=\"vc_gitem-animated-block  vc_gitem-animate vc_gitem-animate-goTop20\"  data-vc-animation=\"goTop20\"\"><div class=\"vc_gitem-zone vc_gitem-zone-a vc_gitem-is-link\" style=\"background-image: url('https:\/\/probit-ks.com\/wp-content\/uploads\/2021\/05\/Capture-1-1024x791.png') !important;\"><a href=\"https:\/\/probit-ks.com\/sq\/2021\/05\/26\/grazeta-web\/\" title=\"Grazeta WEB\" class=\"vc_gitem-link vc-zone-link\"><\/a><img decoding=\"async\" src=\"https:\/\/probit-ks.com\/wp-content\/uploads\/2021\/05\/Capture-1-1024x791.png\" class=\"vc_gitem-zone-img\" alt=\"\"><div class=\"vc_gitem-zone-mini\"><\/div><\/div><div class=\"vc_gitem-zone vc_gitem-zone-b vc-gitem-zone-height-mode-auto vc_gitem-is-link\"><a href=\"https:\/\/probit-ks.com\/sq\/2021\/05\/26\/grazeta-web\/\" title=\"Grazeta WEB\" class=\"vc_gitem-link vc-zone-link\"><\/a><div class=\"vc_gitem-zone-mini\"><div class=\"vc_gitem_row vc_row vc_gitem-row-position-bottom\"><div class=\"vc_col-sm-12 vc_gitem-col vc_gitem-col-align- vc_custom_1419329081651\"><div class=\"vc_custom_heading vc_gitem-post-data vc_gitem-post-data-source-post_title\" ><div style=\"font-size: 20px;color: #ffffff;line-height: 1.3;text-align: left;font-family:Roboto;font-weight:500;font-style:normal\" >Grazeta WEB<\/div><\/div><div class=\"vc_custom_heading vc_gitem-post-data vc_gitem-post-data-source-post_excerpt\" ><div style=\"font-size: 14px;color: #efefef;line-height: 1.2;text-align: left;font-family:Roboto;font-weight:400;font-style:normal\" ><p>Design and implementation of the News Portal for the Social Lab organization. Development of additional functionalities on request. http:\/\/www.grazeta.com\/<\/p>\n<\/div><\/div><\/div><\/div><\/div><\/div><\/div><\/div><div class=\"vc_clearfix\"><\/div><\/div><div class=\"vc_grid-item vc_clearfix vc_col-sm-4\"><div class=\"vc_grid-item-mini vc_clearfix\"><div class=\"vc_gitem-animated-block  vc_gitem-animate vc_gitem-animate-goTop20\"  data-vc-animation=\"goTop20\"\"><div class=\"vc_gitem-zone vc_gitem-zone-a vc_gitem-is-link\" style=\"background-image: url('https:\/\/probit-ks.com\/wp-content\/uploads\/2021\/05\/Capture-1024x795.png') !important;\"><a href=\"https:\/\/probit-ks.com\/sq\/2021\/05\/26\/bliss-sh-p-k-web\/\" title=\"Bliss SH.P.K WEB\" class=\"vc_gitem-link vc-zone-link\"><\/a><img decoding=\"async\" src=\"https:\/\/probit-ks.com\/wp-content\/uploads\/2021\/05\/Capture-1024x795.png\" class=\"vc_gitem-zone-img\" alt=\"\"><div class=\"vc_gitem-zone-mini\"><\/div><\/div><div class=\"vc_gitem-zone vc_gitem-zone-b vc-gitem-zone-height-mode-auto vc_gitem-is-link\"><a href=\"https:\/\/probit-ks.com\/sq\/2021\/05\/26\/bliss-sh-p-k-web\/\" title=\"Bliss SH.P.K WEB\" class=\"vc_gitem-link vc-zone-link\"><\/a><div class=\"vc_gitem-zone-mini\"><div class=\"vc_gitem_row vc_row vc_gitem-row-position-bottom\"><div class=\"vc_col-sm-12 vc_gitem-col vc_gitem-col-align- vc_custom_1419329081651\"><div class=\"vc_custom_heading vc_gitem-post-data vc_gitem-post-data-source-post_title\" ><div style=\"font-size: 20px;color: #ffffff;line-height: 1.3;text-align: left;font-family:Roboto;font-weight:500;font-style:normal\" >Bliss SH.P.K WEB<\/div><\/div><div class=\"vc_custom_heading vc_gitem-post-data vc_gitem-post-data-source-post_excerpt\" ><div style=\"font-size: 14px;color: #efefef;line-height: 1.2;text-align: left;font-family:Roboto;font-weight:400;font-style:normal\" ><p>Development of the Website for Online sales for Bliss LLC, through WordPress and the Woocommerce platform as well as additional adjustments according to the customer&#8217;s request. Online payments have also been integrated through Procredit Bank&#8217;s online payment system. https:\/\/bliss-ks.com\/<\/p>\n<\/div><\/div><\/div><\/div><\/div><\/div><\/div><\/div><div class=\"vc_clearfix\"><\/div><\/div><div class=\"vc_grid-item vc_clearfix vc_col-sm-4\"><div class=\"vc_grid-item-mini vc_clearfix\"><div class=\"vc_gitem-animated-block  vc_gitem-animate vc_gitem-animate-goTop20\"  data-vc-animation=\"goTop20\"\"><div class=\"vc_gitem-zone vc_gitem-zone-a vc_gitem-is-link\" style=\"background-image: url('https:\/\/probit-ks.com\/wp-content\/uploads\/2021\/03\/Power-BI-1-300x158-4.png') !important;\"><a href=\"https:\/\/probit-ks.com\/sq\/2021\/03\/29\/replication-of-mis-solution-for-municipalities\/\" title=\"Replication of MIS solution for Municipalities\" class=\"vc_gitem-link vc-zone-link\"><\/a><img decoding=\"async\" src=\"https:\/\/probit-ks.com\/wp-content\/uploads\/2021\/03\/Power-BI-1-300x158-4.png\" class=\"vc_gitem-zone-img\" alt=\"\"><div class=\"vc_gitem-zone-mini\"><\/div><\/div><div class=\"vc_gitem-zone vc_gitem-zone-b vc-gitem-zone-height-mode-auto vc_gitem-is-link\"><a href=\"https:\/\/probit-ks.com\/sq\/2021\/03\/29\/replication-of-mis-solution-for-municipalities\/\" title=\"Replication of MIS solution for Municipalities\" class=\"vc_gitem-link vc-zone-link\"><\/a><div class=\"vc_gitem-zone-mini\"><div class=\"vc_gitem_row vc_row vc_gitem-row-position-bottom\"><div class=\"vc_col-sm-12 vc_gitem-col vc_gitem-col-align- vc_custom_1419329081651\"><div class=\"vc_custom_heading vc_gitem-post-data vc_gitem-post-data-source-post_title\" ><div style=\"font-size: 20px;color: #ffffff;line-height: 1.3;text-align: left;font-family:Roboto;font-weight:500;font-style:normal\" >Replication of MIS solution for Municipalities<\/div><\/div><div class=\"vc_custom_heading vc_gitem-post-data vc_gitem-post-data-source-post_excerpt\" ><div style=\"font-size: 14px;color: #efefef;line-height: 1.2;text-align: left;font-family:Roboto;font-weight:400;font-style:normal\" ><p>Replication of MIS solution for Municipalities<\/p>\n<\/div><\/div><\/div><\/div><\/div><\/div><\/div><\/div><div class=\"vc_clearfix\"><\/div><\/div><div class=\"vc_grid-item vc_clearfix vc_col-sm-4\"><div class=\"vc_grid-item-mini vc_clearfix\"><div class=\"vc_gitem-animated-block  vc_gitem-animate vc_gitem-animate-goTop20\"  data-vc-animation=\"goTop20\"\"><div class=\"vc_gitem-zone vc_gitem-zone-a vc_gitem-is-link\" style=\"background-image: url('https:\/\/probit-ks.com\/wp-content\/uploads\/2021\/03\/kangaroo.png') !important;\"><a href=\"https:\/\/probit-ks.com\/sq\/2021\/03\/29\/kangaroo-web\/\" title=\"Kangaroo web\" class=\"vc_gitem-link vc-zone-link\"><\/a><img decoding=\"async\" src=\"https:\/\/probit-ks.com\/wp-content\/uploads\/2021\/03\/kangaroo.png\" class=\"vc_gitem-zone-img\" alt=\"\"><div class=\"vc_gitem-zone-mini\"><\/div><\/div><div class=\"vc_gitem-zone vc_gitem-zone-b vc-gitem-zone-height-mode-auto vc_gitem-is-link\"><a href=\"https:\/\/probit-ks.com\/sq\/2021\/03\/29\/kangaroo-web\/\" title=\"Kangaroo web\" class=\"vc_gitem-link vc-zone-link\"><\/a><div class=\"vc_gitem-zone-mini\"><div class=\"vc_gitem_row vc_row vc_gitem-row-position-bottom\"><div class=\"vc_col-sm-12 vc_gitem-col vc_gitem-col-align- vc_custom_1419329081651\"><div class=\"vc_custom_heading vc_gitem-post-data vc_gitem-post-data-source-post_title\" ><div style=\"font-size: 20px;color: #ffffff;line-height: 1.3;text-align: left;font-family:Roboto;font-weight:500;font-style:normal\" >Kangaroo web<\/div><\/div><div class=\"vc_custom_heading vc_gitem-post-data vc_gitem-post-data-source-post_excerpt\" ><div style=\"font-size: 14px;color: #efefef;line-height: 1.2;text-align: left;font-family:Roboto;font-weight:400;font-style:normal\" ><p>Kangaroo \u2013&nbsp;http:\/\/kangaroo-ks.org\/<\/p>\n<\/div><\/div><\/div><\/div><\/div><\/div><\/div><\/div><div class=\"vc_clearfix\"><\/div><\/div><div class=\"vc_grid-item vc_clearfix vc_col-sm-4\"><div class=\"vc_grid-item-mini vc_clearfix\"><div class=\"vc_gitem-animated-block  vc_gitem-animate vc_gitem-animate-goTop20\"  data-vc-animation=\"goTop20\"\"><div class=\"vc_gitem-zone vc_gitem-zone-a vc_gitem-is-link\" style=\"background-image: url('https:\/\/probit-ks.com\/wp-content\/uploads\/2021\/03\/Tick-1024x637.png') !important;\"><a href=\"https:\/\/probit-ks.com\/sq\/2021\/03\/23\/tick-education-center-web-site\/\" title=\"TICK Education Center \u2013 Web site\" class=\"vc_gitem-link vc-zone-link\"><\/a><img decoding=\"async\" src=\"https:\/\/probit-ks.com\/wp-content\/uploads\/2021\/03\/Tick-1024x637.png\" class=\"vc_gitem-zone-img\" alt=\"\"><div class=\"vc_gitem-zone-mini\"><\/div><\/div><div class=\"vc_gitem-zone vc_gitem-zone-b vc-gitem-zone-height-mode-auto vc_gitem-is-link\"><a href=\"https:\/\/probit-ks.com\/sq\/2021\/03\/23\/tick-education-center-web-site\/\" title=\"TICK Education Center \u2013 Web site\" class=\"vc_gitem-link vc-zone-link\"><\/a><div class=\"vc_gitem-zone-mini\"><div class=\"vc_gitem_row vc_row vc_gitem-row-position-bottom\"><div class=\"vc_col-sm-12 vc_gitem-col vc_gitem-col-align- vc_custom_1419329081651\"><div class=\"vc_custom_heading vc_gitem-post-data vc_gitem-post-data-source-post_title\" ><div style=\"font-size: 20px;color: #ffffff;line-height: 1.3;text-align: left;font-family:Roboto;font-weight:500;font-style:normal\" >TICK Education Center \u2013 Web site<\/div><\/div><div class=\"vc_custom_heading vc_gitem-post-data vc_gitem-post-data-source-post_excerpt\" ><div style=\"font-size: 14px;color: #efefef;line-height: 1.2;text-align: left;font-family:Roboto;font-weight:400;font-style:normal\" ><p>Successfully completed the web site for the Professional School TICK Education Center. With this project, TICK has manages: Web site is developed with WordPress, WP Theme is created with unique design, each part of the site are dynamic and the client can add \/ modify \/ delete notes without needing company assists.<\/p>\n<\/div><\/div><\/div><\/div><\/div><\/div><\/div><\/div><div class=\"vc_clearfix\"><\/div><\/div><div class=\"vc_grid-item vc_clearfix vc_col-sm-4\"><div class=\"vc_grid-item-mini vc_clearfix\"><div class=\"vc_gitem-animated-block  vc_gitem-animate vc_gitem-animate-goTop20\"  data-vc-animation=\"goTop20\"\"><div class=\"vc_gitem-zone vc_gitem-zone-a vc_gitem-is-link\" style=\"background-image: url('https:\/\/probit-ks.com\/wp-content\/uploads\/2021\/03\/Sharepoint-1024x1000.png') !important;\"><a href=\"https:\/\/probit-ks.com\/sq\/2021\/03\/23\/migration-of-sharepoint-server-2010-to-2016\/\" title=\"Migration of SharePoint Server 2010 to 2016\" class=\"vc_gitem-link vc-zone-link\"><\/a><img decoding=\"async\" src=\"https:\/\/probit-ks.com\/wp-content\/uploads\/2021\/03\/Sharepoint-1024x1000.png\" class=\"vc_gitem-zone-img\" alt=\"\"><div class=\"vc_gitem-zone-mini\"><\/div><\/div><div class=\"vc_gitem-zone vc_gitem-zone-b vc-gitem-zone-height-mode-auto vc_gitem-is-link\"><a href=\"https:\/\/probit-ks.com\/sq\/2021\/03\/23\/migration-of-sharepoint-server-2010-to-2016\/\" title=\"Migration of SharePoint Server 2010 to 2016\" class=\"vc_gitem-link vc-zone-link\"><\/a><div class=\"vc_gitem-zone-mini\"><div class=\"vc_gitem_row vc_row vc_gitem-row-position-bottom\"><div class=\"vc_col-sm-12 vc_gitem-col vc_gitem-col-align- vc_custom_1419329081651\"><div class=\"vc_custom_heading vc_gitem-post-data vc_gitem-post-data-source-post_title\" ><div style=\"font-size: 20px;color: #ffffff;line-height: 1.3;text-align: left;font-family:Roboto;font-weight:500;font-style:normal\" >Migration of SharePoint Server 2010 to 2016<\/div><\/div><div class=\"vc_custom_heading vc_gitem-post-data vc_gitem-post-data-source-post_excerpt\" ><div style=\"font-size: 14px;color: #efefef;line-height: 1.2;text-align: left;font-family:Roboto;font-weight:400;font-style:normal\" ><p>PROBIT has successfully completed the migration of SharePoint 2010 to SharePoint 2016 for Kosovo Cadastral Agency \u2013 ACA. The main tasks in this project are listed below: At the end of the project, AKK was introduced to the new functionality of the SharePoint 2016.<\/p>\n<\/div><\/div><\/div><\/div><\/div><\/div><\/div><\/div><div class=\"vc_clearfix\"><\/div><\/div><div class=\"vc_grid-item vc_clearfix vc_col-sm-4\"><div class=\"vc_grid-item-mini vc_clearfix\"><div class=\"vc_gitem-animated-block  vc_gitem-animate vc_gitem-animate-goTop20\"  data-vc-animation=\"goTop20\"\"><div class=\"vc_gitem-zone vc_gitem-zone-a vc_gitem-is-link\" style=\"background-image: url('https:\/\/probit-ks.com\/wp-content\/uploads\/2021\/03\/llapibau_web.png') !important;\"><a href=\"https:\/\/probit-ks.com\/sq\/2021\/03\/20\/llapibau-website\/\" title=\"LlapiBau Website\" class=\"vc_gitem-link vc-zone-link\"><\/a><img decoding=\"async\" src=\"https:\/\/probit-ks.com\/wp-content\/uploads\/2021\/03\/llapibau_web.png\" class=\"vc_gitem-zone-img\" alt=\"\"><div class=\"vc_gitem-zone-mini\"><\/div><\/div><div class=\"vc_gitem-zone vc_gitem-zone-b vc-gitem-zone-height-mode-auto vc_gitem-is-link\"><a href=\"https:\/\/probit-ks.com\/sq\/2021\/03\/20\/llapibau-website\/\" title=\"LlapiBau Website\" class=\"vc_gitem-link vc-zone-link\"><\/a><div class=\"vc_gitem-zone-mini\"><div class=\"vc_gitem_row vc_row vc_gitem-row-position-bottom\"><div class=\"vc_col-sm-12 vc_gitem-col vc_gitem-col-align- vc_custom_1419329081651\"><div class=\"vc_custom_heading vc_gitem-post-data vc_gitem-post-data-source-post_title\" ><div style=\"font-size: 20px;color: #ffffff;line-height: 1.3;text-align: left;font-family:Roboto;font-weight:500;font-style:normal\" >LlapiBau Website<\/div><\/div><div class=\"vc_custom_heading vc_gitem-post-data vc_gitem-post-data-source-post_excerpt\" ><div style=\"font-size: 14px;color: #efefef;line-height: 1.2;text-align: left;font-family:Roboto;font-weight:400;font-style:normal\" ><p>Website developed with unique design, WordPress theme and new modules for the client requirements: http:\/\/llapibau.de\/<\/p>\n<\/div><\/div><\/div><\/div><\/div><\/div><\/div><\/div><div class=\"vc_clearfix\"><\/div><\/div><div class=\"vc_grid-item vc_clearfix vc_col-sm-4\"><div class=\"vc_grid-item-mini vc_clearfix\"><div class=\"vc_gitem-animated-block  vc_gitem-animate vc_gitem-animate-goTop20\"  data-vc-animation=\"goTop20\"\"><div class=\"vc_gitem-zone vc_gitem-zone-a vc_gitem-is-link\" style=\"background-image: url('https:\/\/probit-ks.com\/wp-content\/uploads\/2021\/03\/doodfy-responsive-mockup2.png') !important;\"><a href=\"https:\/\/probit-ks.com\/sq\/2021\/03\/20\/social-networking-app-for-a-swiss-company\/\" title=\"Social Networking app for a Swiss Company\" class=\"vc_gitem-link vc-zone-link\"><\/a><img decoding=\"async\" src=\"https:\/\/probit-ks.com\/wp-content\/uploads\/2021\/03\/doodfy-responsive-mockup2.png\" class=\"vc_gitem-zone-img\" alt=\"\"><div class=\"vc_gitem-zone-mini\"><\/div><\/div><div class=\"vc_gitem-zone vc_gitem-zone-b vc-gitem-zone-height-mode-auto vc_gitem-is-link\"><a href=\"https:\/\/probit-ks.com\/sq\/2021\/03\/20\/social-networking-app-for-a-swiss-company\/\" title=\"Social Networking app for a Swiss Company\" class=\"vc_gitem-link vc-zone-link\"><\/a><div class=\"vc_gitem-zone-mini\"><div class=\"vc_gitem_row vc_row vc_gitem-row-position-bottom\"><div class=\"vc_col-sm-12 vc_gitem-col vc_gitem-col-align- vc_custom_1419329081651\"><div class=\"vc_custom_heading vc_gitem-post-data vc_gitem-post-data-source-post_title\" ><div style=\"font-size: 20px;color: #ffffff;line-height: 1.3;text-align: left;font-family:Roboto;font-weight:500;font-style:normal\" >Social Networking app for a Swiss Company<\/div><\/div><div class=\"vc_custom_heading vc_gitem-post-data vc_gitem-post-data-source-post_excerpt\" ><div style=\"font-size: 14px;color: #efefef;line-height: 1.2;text-align: left;font-family:Roboto;font-weight:400;font-style:normal\" ><p>New social networking platform for a swiss based startup.<\/p>\n<\/div><\/div><\/div><\/div><\/div><\/div><\/div><\/div><div class=\"vc_clearfix\"><\/div><\/div><div class=\"vc_grid-item vc_clearfix vc_col-sm-4\"><div class=\"vc_grid-item-mini vc_clearfix\"><div class=\"vc_gitem-animated-block  vc_gitem-animate vc_gitem-animate-goTop20\"  data-vc-animation=\"goTop20\"\"><div class=\"vc_gitem-zone vc_gitem-zone-a vc_gitem-is-link\" style=\"background-image: url('https:\/\/probit-ks.com\/wp-content\/uploads\/2021\/03\/Sap-PNG-300x225-1.png') !important;\"><a href=\"https:\/\/probit-ks.com\/sq\/2021\/03\/20\/prishtina-bus-station-website\/\" title=\"Prishtina Bus Station Website\" class=\"vc_gitem-link vc-zone-link\"><\/a><img decoding=\"async\" src=\"https:\/\/probit-ks.com\/wp-content\/uploads\/2021\/03\/Sap-PNG-300x225-1.png\" class=\"vc_gitem-zone-img\" alt=\"\"><div class=\"vc_gitem-zone-mini\"><\/div><\/div><div class=\"vc_gitem-zone vc_gitem-zone-b vc-gitem-zone-height-mode-auto vc_gitem-is-link\"><a href=\"https:\/\/probit-ks.com\/sq\/2021\/03\/20\/prishtina-bus-station-website\/\" title=\"Prishtina Bus Station Website\" class=\"vc_gitem-link vc-zone-link\"><\/a><div class=\"vc_gitem-zone-mini\"><div class=\"vc_gitem_row vc_row vc_gitem-row-position-bottom\"><div class=\"vc_col-sm-12 vc_gitem-col vc_gitem-col-align- vc_custom_1419329081651\"><div class=\"vc_custom_heading vc_gitem-post-data vc_gitem-post-data-source-post_title\" ><div style=\"font-size: 20px;color: #ffffff;line-height: 1.3;text-align: left;font-family:Roboto;font-weight:500;font-style:normal\" >Prishtina Bus Station Website<\/div><\/div><div class=\"vc_custom_heading vc_gitem-post-data vc_gitem-post-data-source-post_excerpt\" ><div style=\"font-size: 14px;color: #efefef;line-height: 1.2;text-align: left;font-family:Roboto;font-weight:400;font-style:normal\" ><p>Ueb faqe e re p\u00ebr Stacionin e Autobusave t\u00eb Prishtin\u00ebs<br \/>\nVisit:<br \/>\nwww.sap-rks.com<\/p>\n<\/div><\/div><\/div><\/div><\/div><\/div><\/div><\/div><div class=\"vc_clearfix\"><\/div><\/div><\/div><\/div>\n\t<\/div>\n<\/div><\/div><\/div><\/div><\/div>","protected":false},"excerpt":{"rendered":"Our works Here is a list of our recent projects Bliss SH.P.K WEBDevelopment of the Website for Online sales for Bliss LLC, through WordPress and the Woocommerce platform as well as additional adjustments according to the customer&#8217;s request. Online payments have also been integrated through Procredit Bank&#8217;s online payment system. https:\/\/bliss-ks.com\/ Kangaroo webKangaroo \u2013&nbsp;http:\/\/kangaroo-ks.org\/ Migration of SharePoint Server 2010 to 2016PROBIT has successfully completed the migration of SharePoint 2010 to SharePoint 2016 for Kosovo Cadastral Agency \u2013 ACA. The main tasks in this project are listed below: At the end of the project, AKK was introduced to the new functionality of the SharePoint 2016. Social Networking app for a Swiss CompanyNew social networking platform for a swiss based startup.","protected":false},"author":1,"featured_media":0,"parent":0,"menu_order":0,"comment_status":"closed","ping_status":"closed","template":"","meta":{"footnotes":""},"class_list":["post-2322","page","type-page","status-publish","hentry","post-no-thumbnail"],"_links":{"self":[{"href":"https:\/\/probit-ks.com\/sq\/wp-json\/wp\/v2\/pages\/2322","targetHints":{"allow":["GET"]}}],"collection":[{"href":"https:\/\/probit-ks.com\/sq\/wp-json\/wp\/v2\/pages"}],"about":[{"href":"https:\/\/probit-ks.com\/sq\/wp-json\/wp\/v2\/types\/page"}],"author":[{"embeddable":true,"href":"https:\/\/probit-ks.com\/sq\/wp-json\/wp\/v2\/users\/1"}],"replies":[{"embeddable":true,"href":"https:\/\/probit-ks.com\/sq\/wp-json\/wp\/v2\/comments?post=2322"}],"version-history":[{"count":11,"href":"https:\/\/probit-ks.com\/sq\/wp-json\/wp\/v2\/pages\/2322\/revisions"}],"predecessor-version":[{"id":2686,"href":"https:\/\/probit-ks.com\/sq\/wp-json\/wp\/v2\/pages\/2322\/revisions\/2686"}],"wp:attachment":[{"href":"https:\/\/probit-ks.com\/sq\/wp-json\/wp\/v2\/media?parent=2322"}],"curies":[{"name":"wp","href":"https:\/\/api.w.org\/{rel}","templated":true}]}}