{"id":491,"date":"2019-03-05T06:42:03","date_gmt":"2019-03-05T06:42:03","guid":{"rendered":"https:\/\/probit-ks.com\/elements\/team-member\/"},"modified":"2021-05-12T11:34:01","modified_gmt":"2021-05-12T11:34:01","slug":"team-member","status":"publish","type":"page","link":"https:\/\/probit-ks.com\/sq\/team-member\/","title":{"rendered":"Team Member"},"content":{"rendered":"<div id=\"tm-row-69e381f923b07\" data-vc-full-width=\"true\" data-vc-full-width-init=\"false\" class=\"vc_row vc_row-outer vc_row-fluid\"><div id=\"tm-column-69e381f92461d\" class=\"wpb_column vc_column_container vc_col-sm-12 vc_col-lg-6 vc_col-md-4\"><div class=\"vc_column-inner\"><div class=\"wpb_wrapper\">\n<div class=\"tm-heading  left tm-animation move-up\" id=\"tm-heading-69e381f924c36\">\n\t<h3 class=\"heading\" style=\"\">Our <mark>experience<\/mark> experts<\/h3><\/div>\n\n<div class=\"tm-spacer\" id=\"tm-spacer-69e381f925214\"><\/div>\n\n<div class=\"tm-heading  left tm-animation move-up\" id=\"tm-heading-69e381f92540b\">\n\t<h3 class=\"heading\" style=\"\">EKSPERIENCA DHE EDUKIMI<\/h3><\/div>\n\n\n\t<div class=\"wpb_text_column wpb_content_element  tm-animation move-up\" >\n\t\t<div class=\"wpb_wrapper\">\n\t\t\t<p>Mosha mesatare e pun\u00ebtor\u00ebve tan\u00eb \u00ebsht\u00eb 28 dhe p\u00ebrvoja mesatare n\u00eb IT \u00ebsht\u00eb 7 vjet. Ata jan\u00eb t\u00eb rinj, mend\u00ebrisht t\u00eb zgjuar dhe t\u00eb p\u00ebrgatitur mir\u00eb n\u00eb teknologjit\u00eb m\u00eb t\u00eb fundit. Shum\u00eb prej tyre filluan t\u00eb punojn\u00eb me ne si student\u00eb universiteti t\u00eb lart\u00eb ose menj\u00ebher\u00eb pas diplomimit.<\/p>\n<p>Praktikisht t\u00eb gjith\u00eb pun\u00ebtor\u00ebt tan\u00eb jan\u00eb specialist\u00eb t\u00eb certifikuar ose master n\u00eb TI, matematik\u00eb e aplikuar dhe fusha t\u00eb tjera t\u00eb lidhura me TI. Disa nga koleg\u00ebt tan\u00eb vazhdojn\u00eb t\u00eb japin m\u00ebsim n\u00eb universitete ose t\u00eb kryejn\u00eb k\u00ebrkime shkencore. Kjo na ndihmon t\u00eb ruajm\u00eb kualifikimin akademik t\u00eb stafit ton\u00eb pa u shk\u00ebputur nga aktiviteti kryesor i projektit<\/p>\n<p>Fal\u00eb vler\u00ebs s\u00eb lart\u00eb t\u00eb vendosur n\u00eb arsim, \u00e7do an\u00ebtar i ekipit ton\u00eb nuk \u00ebsht\u00eb thjesht nj\u00eb zhvillues, por nj\u00eb profesionist i arsimuar i cili ka njohuri dhe p\u00ebrvoj\u00eb t\u00eb plot\u00eb n\u00eb t\u00eb gjitha fazat e procesit t\u00eb ciklit t\u00eb jet\u00ebs s\u00eb zhvillimit t\u00eb softuerit. Shumica e punonj\u00ebsve kan\u00eb aft\u00ebsi n\u00eb disa specializime (menaxhim projekti, zhvillim duke p\u00ebrdorur disa gjuh\u00eb programimi). \u00cbsht\u00eb nj\u00eb politik\u00eb e kompanis\u00eb q\u00eb synon minimizimin e rreziqeve t\u00eb projektit lidhur me furnizimin me resurse.<\/p>\n\n\t\t<\/div>\n\t<\/div>\n<div class=\"tm-spacer\" id=\"tm-spacer-69e381f925b96\"><\/div>\n\n<div class=\"tm-heading  left tm-animation move-up\" id=\"tm-heading-69e381f925cf7\">\n\t<h3 class=\"heading\" style=\"\">METODOLOGJIA JON\u00cb<\/h3><\/div>\n\n\n\t<div class=\"wpb_text_column wpb_content_element  tm-animation move-up\" >\n\t\t<div class=\"wpb_wrapper\">\n\t\t\t<p>Metodologjia jon\u00eb e burimeve njer\u00ebzore \u00ebsht\u00eb rritja e forcave tona nga njer\u00ebzit e rinj dhe t\u00eb talentuar n\u00eb vend t\u00eb pun\u00ebsimit t\u00eb ekspert\u00ebve t\u00eb kualifikuar t\u00eb pjekur nga rruga. P\u00ebrve\u00e7 mbajtjes s\u00eb qarkullimit t\u00eb punonj\u00ebsve n\u00eb minimum, kjo strategji na ndihmon t\u00eb nd\u00ebrtojm\u00eb grupe t\u00eb fuqishme profesionale t\u00eb projektit ku secili ndan vlerat e Kompanis\u00eb. Projekti \u00ebsht\u00eb vazhdimisht n\u00eb kontakt me ofruesit e trajnimit p\u00ebr t\u00eb zgjedhur dhe trajnuar punonj\u00ebs t\u00eb rinj, si dhe p\u00ebr t\u00eb ofruar trajnime t\u00eb avancuara p\u00ebr stafin ekzistues.<\/p>\n<p>Ne jemi n\u00eb bashk\u00ebpunim t\u00eb ngusht\u00eb me kompanin\u00eb ton\u00eb mot\u00ebr TICK SH.P.K e cila ofron programe t\u00eb ndrysh\u00ebm t\u00eb trajnimit, e cila \u00ebsht\u00eb nj\u00eb vendfillim p\u00ebr punonj\u00ebsit tan\u00eb t\u00eb rinj. Gjithashtu, puntor\u00ebt tan\u00eb jan\u00eb caktuar p\u00ebr t\u00eb dh\u00ebn\u00eb m\u00ebsim n\u00eb tema t\u00eb ndryshme n\u00eb Zhvillimin e Softuerit, me q\u00ebllim q\u00eb t\u00eb ndajn\u00eb njohurit\u00eb e tyre me student\u00ebt apo profesionist\u00ebt tjer\u00eb t\u00eb IT-s\u00eb. Duke ndjekur fush\u00ebn e teknologjis\u00eb, ata dor\u00ebzojn\u00eb materiale trajnimi, menaxhojn\u00eb procesin e p\u00ebrmir\u00ebsimit t\u00eb aft\u00ebsive, krijojn\u00eb teste kualifikimi dhe vler\u00ebsojn\u00eb kandidat\u00ebt e ardhsh\u00ebm. K\u00ebto aktivitete sigurojn\u00eb nivelet e larta t\u00eb aft\u00ebsive t\u00eb ekipeve tona.<\/p>\n\n\t\t<\/div>\n\t<\/div>\n<div class=\"tm-spacer\" id=\"tm-spacer-69e381f9261cc\"><\/div>\n\n<div class=\"tm-heading  left tm-animation move-up\" id=\"tm-heading-69e381f92632b\">\n\t<h3 class=\"heading\" style=\"\">SI PUNOJM\u00cb NE<\/h3><\/div>\n\n\n\t<div class=\"wpb_text_column wpb_content_element  tm-animation move-up\" >\n\t\t<div class=\"wpb_wrapper\">\n\t\t\t<p>Ekipi i Zhvillimit \u00ebsht\u00eb i ndar\u00eb n\u00eb grupe funksionale n\u00eb var\u00ebsi t\u00eb p\u00ebrvoj\u00ebs dhe aft\u00ebsive t\u00eb punonj\u00ebsve. Caktimet e roleve b\u00ebhen sipas procesit t\u00eb zgjedhur p\u00ebr projektin e dh\u00ebn\u00eb. P\u00ebr projekte t\u00eb mesme dhe t\u00eb m\u00ebdha, ekipi i projektit p\u00ebrb\u00ebhet nga grupet e m\u00ebposhtme:<\/p>\n<ul>\n<li>Menaxhmenti (udh\u00ebheq\u00ebsit e projektit dhe grupit),<\/li>\n<li>Analiza dhe Dizajn (analist\u00eb t\u00eb sistemeve dhe arkitekt\u00eb sistemesh),<\/li>\n<li>Inxhinieri (zhvilluesit, administrator\u00ebt e baz\u00ebs s\u00eb t\u00eb dh\u00ebnave),<\/li>\n<li>Sigurimi dhe kontrolli i cil\u00ebsis\u00eb rishikuesit, testuesit, dizajnuesit e testeve)<\/li>\n<li>Design and Usability (art designers, interface designers);<\/li>\n<li>Mb\u00ebshtetja e Infrastruktur\u00ebs (administrator\u00ebt e sistemit t\u00eb cil\u00ebt mbajn\u00eb rrjetin, sistemin e kontrollit t\u00eb burimit, sistemin e gjurmimit t\u00eb defekteve, hap\u00ebsir\u00ebn e pun\u00ebs dhe mjedisin e nd\u00ebrtimit);<\/li>\n<li>Editor\u00eb dhe P\u00ebrkthyes Teknik.<\/li>\n<\/ul>\n<p>Ekipet formohen n\u00eb baz\u00eb t\u00eb p\u00ebrb\u00ebr\u00ebsve dhe rolet, dmth, ekspert\u00ebt q\u00eb i p\u00ebrkasin ekipeve t\u00eb ndryshme t\u00eb funksionimit dhe nj\u00eb udh\u00ebheq\u00ebsi ekipi jan\u00eb caktuar n\u00eb nj\u00eb zon\u00eb t\u00eb caktuar t\u00eb projektit. Nj\u00eb an\u00ebtar i ekipit mund t\u00eb kombinoj\u00eb disa role n\u00ebse fush\u00ebveprimi i komponentit q\u00eb do t\u00eb zhvillohet \u00ebsht\u00eb relativisht i vog\u00ebl. Ky parim i organizimit t\u00eb ekipeve t\u00eb projektit me ekspert\u00ebt e duhur mund\u00ebson zhvillimin m\u00eb t\u00eb shpejt\u00eb me numrin m\u00eb t\u00eb vog\u00ebl t\u00eb metave.<\/p>\n\n\t\t<\/div>\n\t<\/div>\n<\/div><\/div><\/div><div id=\"tm-column-69e381f926955\" class=\"wpb_column vc_column_container vc_col-sm-12 vc_col-lg-5 vc_col-md-8\"><div class=\"vc_column-inner\"><div class=\"wpb_wrapper\"><div class=\"tm-grid-wrapper tm-grid-group\" id=\"tm-grid-69e381f926cd5\"\n     data-item-wrap=\"1\"\n     data-item-border=\"1\"\n>\n\n\t<div class=\"tm-grid modern-grid has-animation move-up\">\n\t\t\n<div class=\"tm-team-member style-01 group-style-01 tm-animation move-up\" id=\"tm-team-member-69e381f926f6f\">\n\t<div class=\"photo\">\n\t<img loading=\"lazy\" decoding=\"async\"  class=\"ll-image unload\" alt=\"burimavdiu\" width=\"370\" height=\"250\" src=\"https:\/\/probit-ks.com\/wp-content\/uploads\/2021\/03\/burimavdiu-2-50x33.jpg\" data-src=\"https:\/\/probit-ks.com\/wp-content\/uploads\/2021\/03\/burimavdiu-2.jpg\" \/>\n\t\n\t\t<div class=\"social-networks\">\n\t\t\t<div class=\"inner\">\n\t\t\t\t\t\t\t\t\t<a target=\"_blank\" href=\"https:\/\/www.facebook.com\/burim.avdiu1\"\n\n\t\t\t\t\t\t\t\t\t\t\t\t\tclass=\"hint--bounce hint--top hint--secondary\"\n\t\t\t\t\t\t\n\t\t\t\t\t\t                       aria-label=\"Facebook\">\n\t\t\t\t\t\t\n\t\t\t\t\t\t<i class=\"fab fa-facebook\"><\/i>\n\t\t\t\t\t<\/a>\n\t\t\t\t\t\t\t\t\t<a target=\"_blank\" href=\"https:\/\/www.linkedin.com\/in\/burimavdiu\/\"\n\n\t\t\t\t\t\t\t\t\t\t\t\t\tclass=\"hint--bounce hint--top hint--secondary\"\n\t\t\t\t\t\t\n\t\t\t\t\t\t                       aria-label=\"LinkedIn\">\n\t\t\t\t\t\t\n\t\t\t\t\t\t<i class=\"fab fa-linkedin-in\"><\/i>\n\t\t\t\t\t<\/a>\n\t\t\t\t\t\t\t\t\t<a target=\"_blank\" href=\"#\"\n\n\t\t\t\t\t\t\t\t\t\t\t\t\tclass=\"hint--bounce hint--top hint--secondary\"\n\t\t\t\t\t\t\n\t\t\t\t\t\t                       aria-label=\"Instagram\">\n\t\t\t\t\t\t\n\t\t\t\t\t\t<i class=\"fab fa-instagram\"><\/i>\n\t\t\t\t\t<\/a>\n\t\t\t\t\t\t\t<\/div>\n\t\t<\/div>\n\t\t<\/div>\n<div class=\"info\">\n\t<h3 class=\"name\">\n\t\tBurim Avdiu\t<\/h3>\n\n\t\t\t<div class=\"position\">CEO | Web Developer | Software Architect<\/div>\n\t\n\t<\/div>\n<\/div>\n\n<div class=\"tm-team-member style-01 group-style-01 tm-animation move-up\" id=\"tm-team-member-69e381f927872\">\n\t<div class=\"photo\">\n\t<img loading=\"lazy\" decoding=\"async\"  class=\"ll-image unload\" alt=\"Fatbardha-Dragusha-ok-o\" width=\"370\" height=\"250\" src=\"https:\/\/probit-ks.com\/wp-content\/uploads\/2021\/03\/Fatbardha-Dragusha-ok-o-50x33.jpg\" data-src=\"https:\/\/probit-ks.com\/wp-content\/uploads\/2021\/03\/Fatbardha-Dragusha-ok-o-370x250.jpg\" \/>\n\t\n\t\t<div class=\"social-networks\">\n\t\t\t<div class=\"inner\">\n\t\t\t\t\t\t\t\t\t<a target=\"_blank\" href=\"#\"\n\n\t\t\t\t\t\t\t\t\t\t\t\t\tclass=\"hint--bounce hint--top hint--secondary\"\n\t\t\t\t\t\t\n\t\t\t\t\t\t                       aria-label=\"Facebook\">\n\t\t\t\t\t\t\n\t\t\t\t\t\t<i class=\"fab fa-facebook\"><\/i>\n\t\t\t\t\t<\/a>\n\t\t\t\t\t\t\t\t\t<a target=\"_blank\" href=\"https:\/\/www.linkedin.com\/in\/fatbardha-dragusha\"\n\n\t\t\t\t\t\t\t\t\t\t\t\t\tclass=\"hint--bounce hint--top hint--secondary\"\n\t\t\t\t\t\t\n\t\t\t\t\t\t                       aria-label=\"LinkedIn\">\n\t\t\t\t\t\t\n\t\t\t\t\t\t<i class=\"fab fa-linkedin-in\"><\/i>\n\t\t\t\t\t<\/a>\n\t\t\t\t\t\t\t\t\t<a target=\"_blank\" href=\"#\"\n\n\t\t\t\t\t\t\t\t\t\t\t\t\tclass=\"hint--bounce hint--top hint--secondary\"\n\t\t\t\t\t\t\n\t\t\t\t\t\t                       aria-label=\"Instagram\">\n\t\t\t\t\t\t\n\t\t\t\t\t\t<i class=\"fab fa-instagram\"><\/i>\n\t\t\t\t\t<\/a>\n\t\t\t\t\t\t\t<\/div>\n\t\t<\/div>\n\t\t<\/div>\n<div class=\"info\">\n\t<h3 class=\"name\">\n\t\tFatbardha Dragusha\t<\/h3>\n\n\t\t\t<div class=\"position\">Software Developer<\/div>\n\t\n\t<\/div>\n<\/div>\n\n<div class=\"tm-team-member style-01 group-style-01 tm-animation move-up\" id=\"tm-team-member-69e381f927f9e\">\n\t<div class=\"photo\">\n\t<img loading=\"lazy\" decoding=\"async\"  class=\"ll-image unload\" alt=\"CK\" width=\"370\" height=\"250\" data-src-retina=\"https:\/\/probit-ks.com\/wp-content\/uploads\/2021\/03\/CK-370x250@2x.jpg\" src=\"https:\/\/probit-ks.com\/wp-content\/uploads\/2021\/03\/CK-50x33.jpg\" data-src=\"https:\/\/probit-ks.com\/wp-content\/uploads\/2021\/03\/CK-370x250.jpg\" \/>\n\t\n\t\t<div class=\"social-networks\">\n\t\t\t<div class=\"inner\">\n\t\t\t\t\t\t\t\t\t<a target=\"_blank\" href=\"#\"\n\n\t\t\t\t\t\t\t\t\t\t\t\t\tclass=\"hint--bounce hint--top hint--secondary\"\n\t\t\t\t\t\t\n\t\t\t\t\t\t                       aria-label=\"Facebook\">\n\t\t\t\t\t\t\n\t\t\t\t\t\t<i class=\"fab fa-facebook\"><\/i>\n\t\t\t\t\t<\/a>\n\t\t\t\t\t\t\t\t\t<a target=\"_blank\" href=\"#\"\n\n\t\t\t\t\t\t\t\t\t\t\t\t\tclass=\"hint--bounce hint--top hint--secondary\"\n\t\t\t\t\t\t\n\t\t\t\t\t\t                       aria-label=\"LinkedIn\">\n\t\t\t\t\t\t\n\t\t\t\t\t\t<i class=\"fab fa-linkedin-in\"><\/i>\n\t\t\t\t\t<\/a>\n\t\t\t\t\t\t\t\t\t<a target=\"_blank\" href=\"#\"\n\n\t\t\t\t\t\t\t\t\t\t\t\t\tclass=\"hint--bounce hint--top hint--secondary\"\n\t\t\t\t\t\t\n\t\t\t\t\t\t                       aria-label=\"Instagram\">\n\t\t\t\t\t\t\n\t\t\t\t\t\t<i class=\"fab fa-instagram\"><\/i>\n\t\t\t\t\t<\/a>\n\t\t\t\t\t\t\t<\/div>\n\t\t<\/div>\n\t\t<\/div>\n<div class=\"info\">\n\t<h3 class=\"name\">\n\t\t\u00c7lirim Kastrati\t<\/h3>\n\n\t\t\t<div class=\"position\">Full-Stack Developer<\/div>\n\t\n\t<\/div>\n<\/div>\n\n<div class=\"tm-team-member style-01 group-style-01 tm-animation move-up\" id=\"tm-team-member-69e381f9287f2\">\n\t<div class=\"photo\">\n\t<img loading=\"lazy\" decoding=\"async\"  class=\"ll-image unload\" alt=\"Gentian Krasniqi\" width=\"370\" height=\"250\" data-src-retina=\"https:\/\/probit-ks.com\/wp-content\/uploads\/2021\/05\/Gentian-Krasniqi-scaled-370x250@2x.jpg\" src=\"https:\/\/probit-ks.com\/wp-content\/uploads\/2021\/05\/Gentian-Krasniqi-scaled-50x33.jpg\" data-src=\"https:\/\/probit-ks.com\/wp-content\/uploads\/2021\/05\/Gentian-Krasniqi-scaled-370x250.jpg\" \/>\n\t\n\t\t<div class=\"social-networks\">\n\t\t\t<div class=\"inner\">\n\t\t\t\t\t\t\t\t\t<a target=\"_blank\" href=\"https:\/\/www.facebook.com\/gentk7\"\n\n\t\t\t\t\t\t\t\t\t\t\t\t\tclass=\"hint--bounce hint--top hint--secondary\"\n\t\t\t\t\t\t\n\t\t\t\t\t\t                       aria-label=\"Facebook\">\n\t\t\t\t\t\t\n\t\t\t\t\t\t<i class=\"fab fa-facebook\"><\/i>\n\t\t\t\t\t<\/a>\n\t\t\t\t\t\t\t\t\t<a target=\"_blank\" href=\"https:\/\/www.linkedin.com\/in\/gentian-krasniqi\/\"\n\n\t\t\t\t\t\t\t\t\t\t\t\t\tclass=\"hint--bounce hint--top hint--secondary\"\n\t\t\t\t\t\t\n\t\t\t\t\t\t                       aria-label=\"LinkedIn\">\n\t\t\t\t\t\t\n\t\t\t\t\t\t<i class=\"fab fa-linkedin-in\"><\/i>\n\t\t\t\t\t<\/a>\n\t\t\t\t\t\t\t\t\t<a target=\"_blank\" href=\"https:\/\/www.instagram.com\/gentk75\/\"\n\n\t\t\t\t\t\t\t\t\t\t\t\t\tclass=\"hint--bounce hint--top hint--secondary\"\n\t\t\t\t\t\t\n\t\t\t\t\t\t                       aria-label=\"Instagram\">\n\t\t\t\t\t\t\n\t\t\t\t\t\t<i class=\"fab fa-instagram\"><\/i>\n\t\t\t\t\t<\/a>\n\t\t\t\t\t\t\t<\/div>\n\t\t<\/div>\n\t\t<\/div>\n<div class=\"info\">\n\t<h3 class=\"name\">\n\t\tGentian Krasniqi\t<\/h3>\n\n\t\t\t<div class=\"position\">Front-End Developer<\/div>\n\t\n\t<\/div>\n<\/div>\n\n<div class=\"tm-team-member style-01 group-style-01 tm-animation move-up\" id=\"tm-team-member-69e381f928eae\">\n\t<div class=\"photo\">\n\t<img loading=\"lazy\" decoding=\"async\"  class=\"ll-image unload\" alt=\"urim2\" width=\"220\" height=\"148\" src=\"https:\/\/probit-ks.com\/wp-content\/uploads\/2021\/05\/urim2-50x33.jpg\" data-src=\"https:\/\/probit-ks.com\/wp-content\/uploads\/2021\/05\/urim2.jpg\" \/>\n\t\n\t\t<div class=\"social-networks\">\n\t\t\t<div class=\"inner\">\n\t\t\t\t\t\t\t\t\t<a target=\"_blank\" href=\"#\"\n\n\t\t\t\t\t\t\t\t\t\t\t\t\tclass=\"hint--bounce hint--top hint--secondary\"\n\t\t\t\t\t\t\n\t\t\t\t\t\t                       aria-label=\"Facebook\">\n\t\t\t\t\t\t\n\t\t\t\t\t\t<i class=\"fab fa-facebook\"><\/i>\n\t\t\t\t\t<\/a>\n\t\t\t\t\t\t\t\t\t<a target=\"_blank\" href=\"#\"\n\n\t\t\t\t\t\t\t\t\t\t\t\t\tclass=\"hint--bounce hint--top hint--secondary\"\n\t\t\t\t\t\t\n\t\t\t\t\t\t                       aria-label=\"LinkedIn\">\n\t\t\t\t\t\t\n\t\t\t\t\t\t<i class=\"fab fa-linkedin-in\"><\/i>\n\t\t\t\t\t<\/a>\n\t\t\t\t\t\t\t\t\t<a target=\"_blank\" href=\"#\"\n\n\t\t\t\t\t\t\t\t\t\t\t\t\tclass=\"hint--bounce hint--top hint--secondary\"\n\t\t\t\t\t\t\n\t\t\t\t\t\t                       aria-label=\"Instagram\">\n\t\t\t\t\t\t\n\t\t\t\t\t\t<i class=\"fab fa-instagram\"><\/i>\n\t\t\t\t\t<\/a>\n\t\t\t\t\t\t\t<\/div>\n\t\t<\/div>\n\t\t<\/div>\n<div class=\"info\">\n\t<h3 class=\"name\">\n\t\tUrim Zymberi\t<\/h3>\n\n\t\t\t<div class=\"position\">Full-Stack Developer<\/div>\n\t\n\t<\/div>\n<\/div>\n\n<div class=\"tm-team-member style-01 group-style-01 tm-animation move-up\" id=\"tm-team-member-69e381f9294f8\">\n\t<div class=\"photo\">\n\t<img loading=\"lazy\" decoding=\"async\"  class=\"ll-image unload\" alt=\"2\" width=\"370\" height=\"250\" data-src-retina=\"https:\/\/probit-ks.com\/wp-content\/uploads\/2021\/05\/2-370x250@2x.jpg\" src=\"https:\/\/probit-ks.com\/wp-content\/uploads\/2021\/05\/2-50x33.jpg\" data-src=\"https:\/\/probit-ks.com\/wp-content\/uploads\/2021\/05\/2-370x250.jpg\" \/>\n\t\n\t\t<div class=\"social-networks\">\n\t\t\t<div class=\"inner\">\n\t\t\t\t\t\t\t\t\t<a target=\"_blank\" href=\"#\"\n\n\t\t\t\t\t\t\t\t\t\t\t\t\tclass=\"hint--bounce hint--top hint--secondary\"\n\t\t\t\t\t\t\n\t\t\t\t\t\t                       aria-label=\"Facebook\">\n\t\t\t\t\t\t\n\t\t\t\t\t\t<i class=\"fab fa-facebook\"><\/i>\n\t\t\t\t\t<\/a>\n\t\t\t\t\t\t\t\t\t<a target=\"_blank\" href=\"#\"\n\n\t\t\t\t\t\t\t\t\t\t\t\t\tclass=\"hint--bounce hint--top hint--secondary\"\n\t\t\t\t\t\t\n\t\t\t\t\t\t                       aria-label=\"LinkedIn\">\n\t\t\t\t\t\t\n\t\t\t\t\t\t<i class=\"fab fa-linkedin-in\"><\/i>\n\t\t\t\t\t<\/a>\n\t\t\t\t\t\t\t\t\t<a target=\"_blank\" href=\"#\"\n\n\t\t\t\t\t\t\t\t\t\t\t\t\tclass=\"hint--bounce hint--top hint--secondary\"\n\t\t\t\t\t\t\n\t\t\t\t\t\t                       aria-label=\"Instagram\">\n\t\t\t\t\t\t\n\t\t\t\t\t\t<i class=\"fab fa-instagram\"><\/i>\n\t\t\t\t\t<\/a>\n\t\t\t\t\t\t\t<\/div>\n\t\t<\/div>\n\t\t<\/div>\n<div class=\"info\">\n\t<h3 class=\"name\">\n\t\tAlbion Rexha\t<\/h3>\n\n\t\t\t<div class=\"position\">Back-End Developer<\/div>\n\t\n\t<\/div>\n<\/div>\n\t<\/div>\n\n<\/div>\n\n\n<\/div><\/div><\/div><\/div><div class=\"vc_row-full-width vc_clearfix\"><\/div>","protected":false},"excerpt":{"rendered":"Our experience experts EXPERIENCE AND EDUCATION The average age of our workers is 28 and the average experience in IT is 7 years. They are young, mentally nimble and well-versed in the latest technologies. Many of them started working with us as senior university students or right after graduation. Practically all of our workers are certified specialists or masters in IT, applied mathematics and other IT-related fields. Some of our colleagues\u00a0continue to teach at universities or conduct scientific researches. It helps us maintain the academic qualification of our staff without distracting from the main project activity. Thanks to the high value \u00a0placed on education, each member of our team is not just a coder, but a highly educated professional who has comprehensive knowledge and experience in all stages of the software development life cycle process. Most employees have skills in several specializations (project management, development using a few programming languages). It is a company policy aimed at minimizing project risks connected with the resource supply. THE METHOD Our HR methodology\u00a0is to grow\u00a0our own forces from the young and talented people rather than hiring mature skilled experts from the street. Besides keeping employee turnover at a minimum, this strategy helps us to build strong professional project teams where everybody shares the Company\u2019s values. PROBIT is constantly in touch with the training providers to select and train new employees as well as provide advanced training for existing staff. We are in close cooperation with our sister company TICK SH.P.K which offers different training programmers, which is a landing location for our new employees. Also, our subject matter experts are assigned to teach different topics in Software Development in order to share their knowledge to students or other IT Talents. Following the leading edge technology domain, they deliver training materials, manage\u00a0the skills upgrade process, create qualification tests,\u00a0and assess prospective candidates. These activities ensure\u00a0the high proficiency levels of our teams. HOW IT WORKS The Development Team is divided into functional groups depending on the employees\u2019 experience and skills. Role assignments are made according to the process selected for\u00a0the given project. For medium- and large-sized projects, a project team consists of the following groups: Management (project and group leaders); Analysis and Design (system analysts and system architects); Engineering (developers, database administrators); Quality Assurance and Control (reviewers, testers, test designers); Design and Usability (art designers, interface designers); Infrastructure Support (system administrators who maintain network, source control system, defect-tracking system, workspace and build environment); Technical Writers and Translators. Project teams are formed on a components-and-roles basis, i.e., experts that belong to various function teams and a team leader are assigned to a certain project area. One team member can combine several roles if the scope of the component to be developed is relatively small. This principle of organizing project teams with the right experts enables the fastest development with the lowest number of bugs. Burim Avdiu CEO | Web Developer | Software Architect Fatbardha Dragusha Software Developer \u00c7lirim Kastrati Full-Stack Developer Gentian Krasniqi Front-End Developer Urim Zymberi Full-Stack Developer Albion Rexha Back-End Developer","protected":false},"author":1,"featured_media":0,"parent":0,"menu_order":0,"comment_status":"closed","ping_status":"closed","template":"","meta":{"footnotes":""},"class_list":["post-491","page","type-page","status-publish","hentry","post-no-thumbnail"],"_links":{"self":[{"href":"https:\/\/probit-ks.com\/sq\/wp-json\/wp\/v2\/pages\/491","targetHints":{"allow":["GET"]}}],"collection":[{"href":"https:\/\/probit-ks.com\/sq\/wp-json\/wp\/v2\/pages"}],"about":[{"href":"https:\/\/probit-ks.com\/sq\/wp-json\/wp\/v2\/types\/page"}],"author":[{"embeddable":true,"href":"https:\/\/probit-ks.com\/sq\/wp-json\/wp\/v2\/users\/1"}],"replies":[{"embeddable":true,"href":"https:\/\/probit-ks.com\/sq\/wp-json\/wp\/v2\/comments?post=491"}],"version-history":[{"count":113,"href":"https:\/\/probit-ks.com\/sq\/wp-json\/wp\/v2\/pages\/491\/revisions"}],"predecessor-version":[{"id":2768,"href":"https:\/\/probit-ks.com\/sq\/wp-json\/wp\/v2\/pages\/491\/revisions\/2768"}],"wp:attachment":[{"href":"https:\/\/probit-ks.com\/sq\/wp-json\/wp\/v2\/media?parent=491"}],"curies":[{"name":"wp","href":"https:\/\/api.w.org\/{rel}","templated":true}]}}