{"id":773,"date":"2019-03-12T01:56:02","date_gmt":"2019-03-12T01:56:02","guid":{"rendered":"https:\/\/probit-ks.com\/it-services\/"},"modified":"2023-02-05T16:18:28","modified_gmt":"2023-02-05T16:18:28","slug":"it-services","status":"publish","type":"page","link":"https:\/\/probit-ks.com\/sq\/it-services\/","title":{"rendered":"IT Services"},"content":{"rendered":"<div id=\"tm-row-69e380934927d\" data-vc-full-width=\"true\" data-vc-full-width-init=\"false\" class=\"vc_row vc_row-outer vc_row-fluid\"><div id=\"tm-column-69e3809349ad2\" class=\"wpb_column vc_column_container vc_col-sm-12\"><div class=\"vc_column-inner\"><div class=\"wpb_wrapper\"><div class=\"tm-spacer\" id=\"tm-spacer-69e3809349e9a\"><\/div>\n\n<div class=\"tm-heading  left tm-animation move-up\" id=\"tm-heading-69e380934a0db\">\n\t<h3 class=\"heading\" style=\"\">SHERBIMET<\/h3><\/div>\n\n<div class=\"tm-spacer\" id=\"tm-spacer-69e380934a7e6\"><\/div>\n\n\t<div class=\"wpb_text_column wpb_content_element  tm-animation move-up\" >\n\t\t<div class=\"wpb_wrapper\">\n\t\t\t<p>Over the past 6 years, ProBit staff has provided a wide array of end-to-end IT solutions for a range of key vertical industries and horizontal competencies. ProBit , by using this experience, offers its clients a comprehensive suite of IT services including Software Development, Web Design and Development, Mobile Development, Data Engineering and Business Intelligence .<\/p>\n<p>Ne gjithmon\u00eb mbesim n\u00eb kontakt me klient\u00ebt tan\u00eb pas p\u00ebrfundimit t\u00eb sh\u00ebrbimeve tona dhe n\u00eb momentin q\u00eb shfaqet nevoja p\u00ebr p\u00ebrmir\u00ebsime ose zgjerime, ekipi yn\u00eb \u00ebsht\u00eb n\u00eb gjendje t\u2019u asistoj\u00eb dhe t\u00eb angazhohet n\u00eb arritjen e caqeve tuaja.<\/p>\n\n\t\t<\/div>\n\t<\/div>\n<\/div><\/div><\/div><\/div><div class=\"vc_row-full-width vc_clearfix\"><\/div><div id=\"tm-row-69e380934af76\" class=\"vc_row vc_row-outer vc_row-fluid\"><div id=\"tm-column-69e380934b4a3\" class=\"wpb_column vc_column_container vc_col-sm-12\"><div class=\"vc_column-inner\"><div class=\"wpb_wrapper\"><div class=\"tm-spacer\" id=\"tm-spacer-69e380934b866\"><\/div>\n<div class=\"tm-grid-wrapper tm-grid-group\" id=\"tm-grid-69e380934bb06\"\n     data-item-wrap=\"1\"\n     data-item-border=\"1\"\n>\n\n\t<div class=\"tm-grid modern-grid has-animation move-up\">\n\t\t<div class=\"tm-box-icon style-01 tm-animation move-up\" id=\"tm-box-icon-69e380934bfae\">\n\t\n\t<a href=\"https:\/\/probit-ks.com\/sq\/2021\/03\/22\/web-design-and-development\/\" class=\"link-secret\">\n\t<div class=\"content-wrap\">\n\t\t\n\n\t\t\t\t\t\t<div class=\"icon\">\n\t\t\t\t\t\t<div class=\"tm-svg\"\n\t\t\t\t\t\t     data-svg=\"https:\/\/probit-ks.com\/wp-content\/themes\/mitech\/assets\/svg\/linea\/linea-basic-display.svg\"\n\t\t\t\t\t\t\t\t\t\t\t\t\t\t\t\t\t\t\t\t\t\tdata-hover=\".tm-box-icon\"\n\t\t\t\t\t\t\t\t\t\t\t\t\t><\/div>\n\t\t\t\t\t<\/div>\n\t\t\t\t\t\n<div class=\"content\">\n\t\t\t<h4 class=\"heading\">\n\t\t\tDIZAJN &amp; ZHVILLIM I WEB-IT\t\t<\/h4>\n\t\n\t\t\t<div class=\"text\">Zhvillimin e Web Aplikacioneve me PHP &amp; MySQL, ASP.NET &amp; SQL Server me teknikat m\u00eb t\u00eb reja.<\/div>\t\n\t\t\t\t\t\t<div class=\"btn\">\t\t\n\n\t\t<span class=\"button-text\">Me shume<\/span>\n\t\t<span class=\"button-icon\"><\/span>\n\n\t\t\t\t\t<\/div>\t\t\t\t\t\t<\/div>\n\t<\/div>\n\n\t<\/a>\n<\/div>\n<div class=\"tm-box-icon style-01 tm-animation move-up\" id=\"tm-box-icon-69e380934cdf6\">\n\t\n\t<a href=\"https:\/\/probit-ks.com\/sq\/2021\/03\/22\/desktop-applications-development\/\" class=\"link-secret\">\n\t<div class=\"content-wrap\">\n\t\t\n\n\t\t\t\t\t\t<div class=\"icon\">\n\t\t\t\t\t\t<div class=\"tm-svg\"\n\t\t\t\t\t\t     data-svg=\"https:\/\/probit-ks.com\/wp-content\/themes\/mitech\/assets\/svg\/linea\/linea-basic-laptop.svg\"\n\t\t\t\t\t\t\t\t\t\t\t\t\t\t\t\t\t\t\t\t\t\tdata-hover=\".tm-box-icon\"\n\t\t\t\t\t\t\t\t\t\t\t\t\t><\/div>\n\t\t\t\t\t<\/div>\n\t\t\t\t\t\n<div class=\"content\">\n\t\t\t<h4 class=\"heading\">\n\t\t\tZHVILLIMI I DESKTOP APLIKACIONEVE\t\t<\/h4>\n\t\n\t\t\t<div class=\"text\">Zhvillimi i Aplikacioneve Desktop me Java &amp; MySQL, C # &amp; SQL Server me teknikat m\u00eb t\u00eb fundit.<\/div>\t\n\t\t\t\t\t\t<div class=\"btn\">\t\t\n\n\t\t<span class=\"button-text\">Me shume<\/span>\n\t\t<span class=\"button-icon\"><\/span>\n\n\t\t\t\t\t<\/div>\t\t\t\t\t\t<\/div>\n\t<\/div>\n\n\t<\/a>\n<\/div>\n<div class=\"tm-box-icon style-01 tm-animation move-up\" id=\"tm-box-icon-69e380934da8d\">\n\t\n\t<a href=\"https:\/\/probit-ks.com\/sq\/2021\/03\/22\/mobile-applications-development\/\" class=\"link-secret\">\n\t<div class=\"content-wrap\">\n\t\t\n\n\t\t\t\t\t\t<div class=\"icon\">\n\t\t\t\t\t\t<div class=\"tm-svg\"\n\t\t\t\t\t\t     data-svg=\"https:\/\/probit-ks.com\/wp-content\/themes\/mitech\/assets\/svg\/linea\/linea-basic-smartphone.svg\"\n\t\t\t\t\t\t\t\t\t\t\t\t\t\t\t\t\t\t\t\t\t\tdata-hover=\".tm-box-icon\"\n\t\t\t\t\t\t\t\t\t\t\t\t\t><\/div>\n\t\t\t\t\t<\/div>\n\t\t\t\t\t\n<div class=\"content\">\n\t\t\t<h4 class=\"heading\">\n\t\t\tZHVILLIM I APLIKACIONEVE MOBILESh\u00ebrbimet e Inteligjenc\u00ebs s\u00eb Biznesit\t\t<\/h4>\n\t\n\t\t\t<div class=\"text\">Zhvillimin e Mobile Aplikacioneve p\u00ebr Android, iOS dhe Windows Phone me teknikat m\u00eb t\u00eb reja.<\/div>\t\n\t\t\t\t\t\t<div class=\"btn\">\t\t\n\n\t\t<span class=\"button-text\">Me shume<\/span>\n\t\t<span class=\"button-icon\"><\/span>\n\n\t\t\t\t\t<\/div>\t\t\t\t\t\t<\/div>\n\t<\/div>\n\n\t<\/a>\n<\/div>\n<div class=\"tm-box-icon style-01 tm-animation move-up\" id=\"tm-box-icon-69e380934e694\">\n\t\n\t<a href=\"https:\/\/probit-ks.com\/sq\/2021\/03\/22\/sherbimet-e-inteligjences-se-biznesit\/\" class=\"link-secret\">\n\t<div class=\"content-wrap\">\n\t\t\n\n\t\t\t\t\t\t<div class=\"icon\">\n\t\t\t\t\t\t<div class=\"tm-svg\"\n\t\t\t\t\t\t     data-svg=\"https:\/\/probit-ks.com\/wp-content\/themes\/mitech\/assets\/svg\/linea\/linea-ecommerce-graph-increase.svg\"\n\t\t\t\t\t\t\t\t\t\t\t\t\t\t\t\t\t\t\t\t\t\tdata-hover=\".tm-box-icon\"\n\t\t\t\t\t\t\t\t\t\t\t\t\t><\/div>\n\t\t\t\t\t<\/div>\n\t\t\t\t\t\n<div class=\"content\">\n\t\t\t<h4 class=\"heading\">\n\t\t\tSh\u00ebrbimet e Inteligjenc\u00ebs s\u00eb Biznesit\t\t<\/h4>\n\t\n\t\t\t<div class=\"text\">Kryeni nj\u00eb vler\u00ebsim t\u00eb plot\u00eb p\u00ebr t\u00eb kuptuar procesin e biznesit tuaj p\u00ebr t\u00eb ngritur, si dhe optimizoni hart\u00ebn dhe strategjin\u00eb e BI p\u00ebr ju duke studiuar sistemet tuaja t\u00eb brendshme dhe t\u00eb jashtme.<\/div>\t\n\t\t\t\t\t\t<div class=\"btn\">\t\t\n\n\t\t<span class=\"button-text\">Me shume<\/span>\n\t\t<span class=\"button-icon\"><\/span>\n\n\t\t\t\t\t<\/div>\t\t\t\t\t\t<\/div>\n\t<\/div>\n\n\t<\/a>\n<\/div>\n<div class=\"tm-box-icon style-01 tm-animation move-up\" id=\"tm-box-icon-69e380934f29b\">\n\t\n\t<a href=\"https:\/\/probit-ks.com\/sq\/2021\/03\/22\/outsourcing-consulting\/\" class=\"link-secret\">\n\t<div class=\"content-wrap\">\n\t\t\n\n\t\t\t\t\t\t<div class=\"icon\">\n\t\t\t\t\t\t<div class=\"tm-svg\"\n\t\t\t\t\t\t     data-svg=\"https:\/\/probit-ks.com\/wp-content\/themes\/mitech\/assets\/svg\/linea\/linea-basic-world.svg\"\n\t\t\t\t\t\t\t\t\t\t\t\t\t\t\t\t\t\t\t\t\t\tdata-hover=\".tm-box-icon\"\n\t\t\t\t\t\t\t\t\t\t\t\t\t><\/div>\n\t\t\t\t\t<\/div>\n\t\t\t\t\t\n<div class=\"content\">\n\t\t\t<h4 class=\"heading\">\n\t\t\tKontraktimi dhe Konsulenc\t\t<\/h4>\n\t\n\t\t\t<div class=\"text\">P\u00ebrdorimi i duhur i teknologjis\u00eb dhe zgjidhjeve strategjike t\u00eb planifikimit t\u00eb biznesit n\u00eb nevojat e biznesit tuaj \u00ebsht\u00eb \u00e7el\u00ebsi i suksesit tuaj.<\/div>\t\n\t\t\t\t\t\t<div class=\"btn\">\t\t\n\n\t\t<span class=\"button-text\">Me shume<\/span>\n\t\t<span class=\"button-icon\"><\/span>\n\n\t\t\t\t\t<\/div>\t\t\t\t\t\t<\/div>\n\t<\/div>\n\n\t<\/a>\n<\/div>\n<div class=\"tm-box-icon style-01 tm-animation move-up\" id=\"tm-box-icon-69e380934fece\">\n\t\n\t<a href=\"https:\/\/probit-ks.com\/sq\/2021\/03\/22\/web-domain-hosting\/\" class=\"link-secret\">\n\t<div class=\"content-wrap\">\n\t\t\n\n\t\t\t\t\t\t<div class=\"icon\">\n\t\t\t\t\t\t<div class=\"tm-svg\"\n\t\t\t\t\t\t     data-svg=\"https:\/\/probit-ks.com\/wp-content\/themes\/mitech\/assets\/svg\/linea\/linea-basic-server-cloud.svg\"\n\t\t\t\t\t\t\t\t\t\t\t\t\t\t\t\t\t\t\t\t\t\tdata-hover=\".tm-box-icon\"\n\t\t\t\t\t\t\t\t\t\t\t\t\t><\/div>\n\t\t\t\t\t<\/div>\n\t\t\t\t\t\n<div class=\"content\">\n\t\t\t<h4 class=\"heading\">\n\t\t\tDomain dhe Hostim n\u00eb Ueb\t\t<\/h4>\n\t\n\t\t\t<div class=\"text\">Paketat tuaja t\u00eb sh\u00ebrbimeve t\u00eb strehimit jan\u00eb krijuar p\u00ebr t\u00eb p\u00ebrmbushur k\u00ebrkesat e bizneseve individuale, t\u00eb vogla, t\u00eb mesme apo edhe t\u00eb korporatave.<\/div>\t\n\t\t\t\t\t\t<div class=\"btn\">\t\t\n\n\t\t<span class=\"button-text\">Me shume<\/span>\n\t\t<span class=\"button-icon\"><\/span>\n\n\t\t\t\t\t<\/div>\t\t\t\t\t\t<\/div>\n\t<\/div>\n\n\t<\/a>\n<\/div>\n<div class=\"tm-box-icon style-01 tm-animation move-up\" id=\"tm-box-icon-69e3809350acb\">\n\t\n\t<a href=\"https:\/\/probit-ks.com\/sq\/2021\/03\/22\/database-services\/\" class=\"link-secret\">\n\t<div class=\"content-wrap\">\n\t\t\n\n\t\t\t\t\t\t<div class=\"icon\">\n\t\t\t\t\t\t<div class=\"tm-svg\"\n\t\t\t\t\t\t     data-svg=\"https:\/\/probit-ks.com\/wp-content\/themes\/mitech\/assets\/svg\/linea\/linea-basic-folder.svg\"\n\t\t\t\t\t\t\t\t\t\t\t\t\t\t\t\t\t\t\t\t\t\tdata-hover=\".tm-box-icon\"\n\t\t\t\t\t\t\t\t\t\t\t\t\t><\/div>\n\t\t\t\t\t<\/div>\n\t\t\t\t\t\n<div class=\"content\">\n\t\t\t<h4 class=\"heading\">\n\t\t\tSh\u00ebrbimet p\u00ebr Bazat e t\u00eb Dh\u00ebnave\t\t<\/h4>\n\t\n\t\t\t<div class=\"text\">Nga listat e thjeshta t\u00eb klient\u00ebve te sistemet m\u00eb komplekse t\u00eb informacionit, bazat e t\u00eb dh\u00ebnave jan\u00eb nj\u00eb mjet i shk\u00eblqyesh\u00ebm p\u00ebr t\u00eb ruajtur dhe organizuar t\u00eb dh\u00ebnat e biznesit.<\/div>\t\n\t\t\t\t\t\t<div class=\"btn\">\t\t\n\n\t\t<span class=\"button-text\">Me shume<\/span>\n\t\t<span class=\"button-icon\"><\/span>\n\n\t\t\t\t\t<\/div>\t\t\t\t\t\t<\/div>\n\t<\/div>\n\n\t<\/a>\n<\/div>\n<div class=\"tm-box-icon style-01 tm-animation move-up\" id=\"tm-box-icon-69e380935176b\">\n\t\n\t\n\t<div class=\"content-wrap\">\n\t\t\n\n\t\t\t\t\t\t<div class=\"icon\">\n\t\t\t\t\t\t<div class=\"tm-svg\"\n\t\t\t\t\t\t     data-svg=\"https:\/\/probit-ks.com\/wp-content\/themes\/mitech\/assets\/svg\/linea\/linea-basic-upload.svg\"\n\t\t\t\t\t\t\t\t\t\t\t\t\t\t\t\t\t\t\t\t\t\tdata-hover=\".tm-box-icon\"\n\t\t\t\t\t\t\t\t\t\t\t\t\t><\/div>\n\t\t\t\t\t<\/div>\n\t\t\t\t\t\n<div class=\"content\">\n\t\t\t<h4 class=\"heading\">\n\t\t\tRrjeta Kompjuterike &amp; Telekomunikim\t\t<\/h4>\n\t\n\t\t\t<div class=\"text\">Rrjeta Kompjuterike &amp; Telekomunikim<\/div>\t\n\t\t\t\t<a class=\"btn\"\n\t   href=\"#\"\n\t\t\t>\n\t\t\n\n\t\t<span class=\"button-text\">Me shume<\/span>\n\t\t<span class=\"button-icon\"><\/span>\n\n\t\t\t\t\t<\/a>\t\t\t\t\t\t<\/div>\n\t<\/div>\n\n\t\n<\/div>\n\t<\/div>\n\n<\/div>\n\n\n<div class=\"tm-spacer\" id=\"tm-spacer-69e3809352445\"><\/div>\n<\/div><\/div><\/div><\/div>","protected":false},"excerpt":{"rendered":"Services Over the past 6 years, ProBit staff has provided a wide array of end-to-end IT solutions for a range of key vertical industries and horizontal competencies. ProBit , by using this experience, offers its clients a comprehensive suite of IT services including Software Development, Web Design and Development, Mobile Development, Data Engineering and Business Intelligence . We always remain in contact with the clients after completed service delivery and should there any issues arise regarding upgrades or enhancements, our highly-skilled team is available for further engagements to assist you in meeting unforeseen challenges and getting a competitive edge in the marketplace. WEB DESIGN &amp; DEVELOPMENT Web Application Development with PHP &amp; MySQL, ASP.NET &amp; SQL Server with the latest techniques. Discover now DESKTOP APPLICATIONS DEVELOPMENT Development of Desktop Applications with Java &amp; MySQL, C # &amp; SQL Server with the latest techniques. Discover now MOBILE APPLICATIONS DEVELOPMENT Development of Mobile Applications for Android, iOS and Windows Phone with the latest techniques. Discover now Business Intelligence Services Carry out a thorough assessment to understand your business process to set up, as well as optimize BI roadmap &amp; strategy for you by studying your internal and external systems. Discover now Outsourcing &amp; Consulting The appropriate use of technology and strategic business planning solutions in your business needs is the key to your success. Discover now Web Domain &amp; Hosting Our hosing services packages are designed to meet the requirements individual, small, medium or even corporate businesses. Discover now Database Services From simple customer lists to more complex information systems, databases are a great tool to store and organize business data. Discover now Networking &amp; Telecomunication Networking &amp; Telecomunication Discover now","protected":false},"author":1,"featured_media":0,"parent":0,"menu_order":0,"comment_status":"closed","ping_status":"closed","template":"","meta":{"footnotes":""},"class_list":["post-773","page","type-page","status-publish","hentry","post-no-thumbnail"],"_links":{"self":[{"href":"https:\/\/probit-ks.com\/sq\/wp-json\/wp\/v2\/pages\/773","targetHints":{"allow":["GET"]}}],"collection":[{"href":"https:\/\/probit-ks.com\/sq\/wp-json\/wp\/v2\/pages"}],"about":[{"href":"https:\/\/probit-ks.com\/sq\/wp-json\/wp\/v2\/types\/page"}],"author":[{"embeddable":true,"href":"https:\/\/probit-ks.com\/sq\/wp-json\/wp\/v2\/users\/1"}],"replies":[{"embeddable":true,"href":"https:\/\/probit-ks.com\/sq\/wp-json\/wp\/v2\/comments?post=773"}],"version-history":[{"count":11,"href":"https:\/\/probit-ks.com\/sq\/wp-json\/wp\/v2\/pages\/773\/revisions"}],"predecessor-version":[{"id":2823,"href":"https:\/\/probit-ks.com\/sq\/wp-json\/wp\/v2\/pages\/773\/revisions\/2823"}],"wp:attachment":[{"href":"https:\/\/probit-ks.com\/sq\/wp-json\/wp\/v2\/media?parent=773"}],"curies":[{"name":"wp","href":"https:\/\/api.w.org\/{rel}","templated":true}]}}