{"id":899,"date":"2019-03-13T02:12:10","date_gmt":"2019-03-13T02:12:10","guid":{"rendered":"https:\/\/probit-ks.com\/contact-us\/"},"modified":"2021-03-22T10:53:58","modified_gmt":"2021-03-22T10:53:58","slug":"contact-us","status":"publish","type":"page","link":"https:\/\/probit-ks.com\/sq\/contact-us\/","title":{"rendered":"Kontakto"},"content":{"rendered":"<div id=\"tm-row-69e6f8b7031da\" data-vc-full-width=\"true\" data-vc-full-width-init=\"false\" class=\"vc_row vc_row-outer vc_row-fluid\"><div id=\"tm-column-69e6f8b703f38\" class=\"wpb_column vc_column_container vc_col-sm-12 vc_col-md-6\"><div class=\"vc_column-inner\"><div class=\"wpb_wrapper\"><div class=\"tm-spacer\" id=\"tm-spacer-69e6f8b704354\"><\/div>\n\n<div class=\"tm-heading left-line left tm-animation move-up\" id=\"tm-heading-69e6f8b704707\">\n\t<h3 class=\"heading\" style=\"\">P\u00ebr t\u00eb b\u00ebr\u00eb k\u00ebrkesa p\u00ebr informacione t\u00eb m\u00ebtejshme,<mark>Contact Us<\/mark> p\u00ebrmes kanaleve tona sociale.<\/h3><\/div>\n\n<div class=\"tm-spacer\" id=\"tm-spacer-69e6f8b704ad7\"><\/div>\n\n<div class=\"tm-heading vc_custom_1616408694632  left tm-animation move-up\" id=\"tm-heading-69e6f8b704c24\">\n\t<div class=\"heading\" style=\"\">Na duhen vet\u00ebm disa or\u00eb!<\/div><\/div>\n\n<div class=\"tm-spacer\" id=\"tm-spacer-69e6f8b704fdf\"><\/div>\n<\/div><\/div><\/div><div id=\"tm-column-69e6f8b70510a\" class=\"wpb_column vc_column_container vc_col-sm-12 vc_col-md-6\"><div class=\"vc_column-inner\"><div class=\"wpb_wrapper\"><div class=\"tm-contact-form-7 style-01 tm-animation move-up\">\n\t\n<div class=\"wpcf7 no-js\" id=\"wpcf7-f903-o1\" lang=\"en-US\" dir=\"ltr\">\n<div class=\"screen-reader-response\"><p role=\"status\" aria-live=\"polite\" aria-atomic=\"true\"><\/p> <ul><\/ul><\/div>\n<form action=\"\/sq\/wp-json\/wp\/v2\/pages\/899#wpcf7-f903-o1\" method=\"post\" class=\"wpcf7-form init\" aria-label=\"Contact form\" novalidate=\"novalidate\" data-status=\"init\" data-trp-original-action=\"\/sq\/wp-json\/wp\/v2\/pages\/899#wpcf7-f903-o1\">\n<div style=\"display: none;\">\n<input type=\"hidden\" name=\"_wpcf7\" value=\"903\" \/>\n<input type=\"hidden\" name=\"_wpcf7_version\" value=\"5.9.8\" \/>\n<input type=\"hidden\" name=\"_wpcf7_locale\" value=\"en_US\" \/>\n<input type=\"hidden\" name=\"_wpcf7_unit_tag\" value=\"wpcf7-f903-o1\" \/>\n<input type=\"hidden\" name=\"_wpcf7_container_post\" value=\"0\" \/>\n<input type=\"hidden\" name=\"_wpcf7_posted_data_hash\" value=\"\" \/>\n<\/div>\n<div class=\"row\">\n\t<div class=\"col-md-6\">\n\t\t<div class=\"form-item\">\n\t\t\t<p><span class=\"wpcf7-form-control-wrap\" data-name=\"your-name\"><input size=\"40\" maxlength=\"400\" class=\"wpcf7-form-control wpcf7-text wpcf7-validates-as-required\" aria-required=\"true\" aria-invalid=\"false\" placeholder=\"Emri*\" value=\"\" type=\"text\" name=\"your-name\" \/><\/span>\n\t\t\t<\/p>\n\t\t<\/div>\n\t<\/div>\n\t<div class=\"col-md-6\">\n\t\t<div class=\"form-item\">\n\t\t\t<p><span class=\"wpcf7-form-control-wrap\" data-name=\"your-email\"><input size=\"40\" maxlength=\"400\" class=\"wpcf7-form-control wpcf7-email wpcf7-validates-as-required wpcf7-text wpcf7-validates-as-email\" aria-required=\"true\" aria-invalid=\"false\" placeholder=\"Email *\" value=\"\" type=\"email\" name=\"your-email\" \/><\/span>\n\t\t\t<\/p>\n\t\t<\/div>\n\t<\/div>\n\t<div class=\"col-md-12\">\n\t\t<div class=\"form-item\">\n\t\t\t<p><span class=\"wpcf7-form-control-wrap\" data-name=\"subject\"><input size=\"40\" maxlength=\"400\" class=\"wpcf7-form-control wpcf7-text wpcf7-validates-as-required\" aria-required=\"true\" aria-invalid=\"false\" placeholder=\"Subjekti*\" value=\"\" type=\"text\" name=\"subject\" \/><\/span>\n\t\t\t<\/p>\n\t\t<\/div>\n\t\t<div class=\"form-item\">\n\t\t<\/div>\n\t\t<div class=\"form-submit\">\n\t\t\t<p><span class=\"wpcf7-form-control-wrap\" data-name=\"your-message\"><textarea cols=\"40\" rows=\"10\" maxlength=\"2000\" class=\"wpcf7-form-control wpcf7-textarea\" aria-invalid=\"false\" placeholder=\"Pershkrimi*\" name=\"your-message\"><\/textarea><\/span><br \/>\n<input class=\"wpcf7-form-control wpcf7-submit has-spinner\" type=\"submit\" value=\"Dergo\" \/>\n\t\t\t<\/p>\n\t\t<\/div>\n\t<\/div>\n<\/div><div class=\"wpcf7-response-output\" aria-hidden=\"true\"><\/div>\n<input type=\"hidden\" name=\"trp-form-language\" value=\"sq\"\/><\/form>\n<\/div>\n\t<div class=\"tm-form-loading\" style=\"display: none;\">\n\t\t<div class=\"sk-wrap sk-bg-child sk-wave\">\n\t<div class=\"sk-rect sk-rect1\"><\/div>\n\t<div class=\"sk-rect sk-rect2\"><\/div>\n\t<div class=\"sk-rect sk-rect3\"><\/div>\n\t<div class=\"sk-rect sk-rect4\"><\/div>\n\t<div class=\"sk-rect sk-rect5\"><\/div>\n<\/div>\n\t<\/div>\n<\/div>\n<\/div><\/div><\/div><\/div><div class=\"vc_row-full-width vc_clearfix\"><\/div><div id=\"tm-row-69e6f8b707d8c\" class=\"vc_row vc_row-outer vc_row-fluid vc_row-o-content-middle vc_row-flex\"><div id=\"tm-column-69e6f8b7081b4\" class=\"wpb_column vc_column_container vc_col-sm-12 vc_col-lg-12\"><div class=\"vc_column-inner\"><div class=\"wpb_wrapper\">\n<div class=\"tm-heading  center tm-animation move-up\" id=\"tm-heading-69e6f8b70845f\">\n\t<h3 class=\"heading\" style=\"\">Prishtine<\/h3><\/div>\n\n<div class=\"tm-spacer\" id=\"tm-spacer-69e6f8b708843\"><\/div>\n\n<div class=\"tm-heading vc_custom_1616410420414  center tm-animation move-up\" id=\"tm-heading-69e6f8b7089fc\">\n\t<div class=\"heading\" style=\"\">Adresa : Kroni i Bardh, Iliaz Kodra , 10000 Pristina, Kosove.<\/div><\/div>\n\n\n<div class=\"tm-heading vc_custom_1616409812754  center tm-animation move-up\" id=\"tm-heading-69e6f8b708fa5\">\n\t<div class=\"heading\" style=\"\">E-mail: info@probit-kos.com<\/div><\/div>\n\n\n<div class=\"tm-heading vc_custom_1616409715232  center tm-animation move-up\" id=\"tm-heading-69e6f8b709420\">\n\t<div class=\"heading\" style=\"\"><a href=\"tel:( 383)045899099\">(+383)045-899-099<\/a><\/div><\/div>\n\n\n<div class=\"tm-heading vc_custom_1616409770119  center tm-animation move-up\" id=\"tm-heading-69e6f8b709887\">\n\t<div class=\"heading\" style=\"\"><a href=\"tel:( 383)049308085\">(+383)049-308-085<\/a><\/div><\/div>\n\n<div class=\"tm-spacer\" id=\"tm-spacer-69e6f8b709cf7\"><\/div>\n<\/div><\/div><\/div><\/div><div id=\"tm-row-69e6f8b709e8a\" class=\"vc_row vc_row-outer vc_row-fluid\"><div id=\"tm-column-69e6f8b70a19f\" class=\"wpb_column vc_column_container vc_col-sm-12\"><div class=\"vc_column-inner\"><div class=\"wpb_wrapper\"><div class=\"tm-spacer\" id=\"tm-spacer-69e6f8b70a3c8\"><\/div>\n<div class=\"tm-image-hotspot  style-signal\">\n\t<\/div>\n<\/div><\/div><\/div><\/div>","protected":false},"excerpt":{"rendered":"To make requests for further information,Contact Us via our social channels. We just need a couple of hours! Prishtine Address : Kroni i Bardh, Iliaz Kodra , 10000 Pristina, Kosovo. E-mail: info@probit-kos.com (+383)045-899-099 (+383)049-308-085","protected":false},"author":1,"featured_media":0,"parent":0,"menu_order":0,"comment_status":"closed","ping_status":"closed","template":"","meta":{"footnotes":""},"class_list":["post-899","page","type-page","status-publish","hentry","post-no-thumbnail"],"_links":{"self":[{"href":"https:\/\/probit-ks.com\/sq\/wp-json\/wp\/v2\/pages\/899","targetHints":{"allow":["GET"]}}],"collection":[{"href":"https:\/\/probit-ks.com\/sq\/wp-json\/wp\/v2\/pages"}],"about":[{"href":"https:\/\/probit-ks.com\/sq\/wp-json\/wp\/v2\/types\/page"}],"author":[{"embeddable":true,"href":"https:\/\/probit-ks.com\/sq\/wp-json\/wp\/v2\/users\/1"}],"replies":[{"embeddable":true,"href":"https:\/\/probit-ks.com\/sq\/wp-json\/wp\/v2\/comments?post=899"}],"version-history":[{"count":14,"href":"https:\/\/probit-ks.com\/sq\/wp-json\/wp\/v2\/pages\/899\/revisions"}],"predecessor-version":[{"id":2281,"href":"https:\/\/probit-ks.com\/sq\/wp-json\/wp\/v2\/pages\/899\/revisions\/2281"}],"wp:attachment":[{"href":"https:\/\/probit-ks.com\/sq\/wp-json\/wp\/v2\/media?parent=899"}],"curies":[{"name":"wp","href":"https:\/\/api.w.org\/{rel}","templated":true}]}}